{"id":8018,"date":"2025-05-02T16:18:38","date_gmt":"2025-05-02T14:18:38","guid":{"rendered":"https:\/\/www.u-picardie.fr\/habiterlemonde\/axe-1\/"},"modified":"2025-05-13T14:29:04","modified_gmt":"2025-05-13T12:29:04","slug":"axe-1","status":"publish","type":"page","link":"https:\/\/www.u-picardie.fr\/habiterlemonde\/axe-1\/","title":{"rendered":"Axe 1 : Promesses des infrastructures urbaines et technologiques"},"content":{"rendered":"\n<p style=\"border-radius:40px; font-size:1.1rem;\">Le premier axe, les <strong>promesses des infrastructures urbaines et technologiques<\/strong> concerne des objets, situ\u00e9s en milieux urbains, qui sont classiques comme les institutions culturelles&nbsp;et les structures commerciales ; mais d\u2019autres qui, elles, sont \u00e9mergentes comme l\u2019\u00e9conomie circulaire ou l\u2019acc\u00e8s \u00e0 l\u2019eau, ou encore la lutte contre le changement climatique, et qui font l\u2019objet d\u2019une forte demande sociale et politique. Quant aux promesses technologiques, l\u2019\u00e9quipe se lance dans des projets tr\u00e8s innovants, li\u00e9s \u00e0 la robotique. <\/p>\n\n\n\n<p style=\"border-radius:40px; font-size:1.1rem;\">Ces objets de recherche que sont les infrastructures, les techniques et les technologies s\u2019articulent avec les questions patrimoniales qu\u2019il s\u2019agisse de poser la question de la mat\u00e9rialit\u00e9 du patrimoine ou d\u2019envisager nos rapports \u00e0 la nature (les patrimoines naturels, les d\u00e9chets ou le d\u00e9veloppement des \u00e9nergies alternatives).<\/p>\n","protected":false},"excerpt":{"rendered":"<p>Le premier axe, les promesses des infrastructures urbaines et technologiques concerne des objets, situ\u00e9s en milieux urbains, qui sont classiques comme les institutions culturelles&nbsp;et les structures commerciales ; mais d\u2019autres qui, elles, sont \u00e9mergentes comme l\u2019\u00e9conomie circulaire ou l\u2019acc\u00e8s \u00e0 l\u2019eau, ou encore la lutte contre le changement climatique, et qui font l\u2019objet d\u2019une forte &hellip; <\/p>\n<p class=\"link-more\"><a href=\"https:\/\/www.u-picardie.fr\/habiterlemonde\/axe-1\/\" class=\"more-link\">Lire la suite de<span class=\"screen-reader-text\">\u00ab\u00a0Axe 1 : Promesses des infrastructures urbaines et technologiques\u00a0\u00bb<\/span><\/a><\/p>\n","protected":false},"author":49,"featured_media":0,"parent":0,"menu_order":0,"comment_status":"closed","ping_status":"closed","template":"template-axe1.php","meta":{"_acf_changed":false,"inspiro_hide_title":false,"footnotes":""},"class_list":["post-8018","page","type-page","status-publish","hentry"],"acf":[],"_links":{"self":[{"href":"https:\/\/www.u-picardie.fr\/habiterlemonde\/wp-json\/wp\/v2\/pages\/8018","targetHints":{"allow":["GET"]}}],"collection":[{"href":"https:\/\/www.u-picardie.fr\/habiterlemonde\/wp-json\/wp\/v2\/pages"}],"about":[{"href":"https:\/\/www.u-picardie.fr\/habiterlemonde\/wp-json\/wp\/v2\/types\/page"}],"author":[{"embeddable":true,"href":"https:\/\/www.u-picardie.fr\/habiterlemonde\/wp-json\/wp\/v2\/users\/49"}],"replies":[{"embeddable":true,"href":"https:\/\/www.u-picardie.fr\/habiterlemonde\/wp-json\/wp\/v2\/comments?post=8018"}],"version-history":[{"count":0,"href":"https:\/\/www.u-picardie.fr\/habiterlemonde\/wp-json\/wp\/v2\/pages\/8018\/revisions"}],"wp:attachment":[{"href":"https:\/\/www.u-picardie.fr\/habiterlemonde\/wp-json\/wp\/v2\/media?parent=8018"}],"curies":[{"name":"wp","href":"https:\/\/api.w.org\/{rel}","templated":true}]}}