{"id":7922,"date":"2025-04-29T16:00:08","date_gmt":"2025-04-29T14:00:08","guid":{"rendered":"https:\/\/www.u-picardie.fr\/habiterlemonde\/?page_id=7922"},"modified":"2025-05-11T21:38:26","modified_gmt":"2025-05-11T19:38:26","slug":"annuaire","status":"publish","type":"page","link":"https:\/\/www.u-picardie.fr\/habiterlemonde\/annuaire\/","title":{"rendered":"Annuaire"},"content":{"rendered":"\n<p><\/p>\n\n\n      <!-- Photo de couverture -->\n <div class=\"annuaire-coverr\" id=\"slider-container\">\n\t  <div class=\"annuaire-slider-wrapper\">\n\t\t<div class=\"annuaire-slide active\">\n\t\t  <img decoding=\"async\" src=\"https:\/\/www.u-picardie.fr\/habiterlemonde\/wp-content\/uploads\/2022\/12\/Headers_Tchiots.png\" alt=\"Diapo 1\" onload=\"setSliderHeight(this)\">\n\t\t<\/div>\n\t\t<div class=\"annuaire-slide\">\n\t\t  <img decoding=\"async\" src=\"https:\/\/www.u-picardie.fr\/habiterlemonde\/wp-content\/uploads\/2022\/12\/Headers-Viller.png\" alt=\"Diapo 2\">\n\t\t<\/div>\n\t\t<div class=\"annuaire-slide\">\n\t\t  <img decoding=\"async\" src=\"https:\/\/www.u-picardie.fr\/habiterlemonde\/wp-content\/uploads\/2022\/12\/Headers_Camp.png\" alt=\"Diapo 3\">\n\t\t<\/div>\n\t\t<div class=\"annuaire-slide\">\n\t\t  <img decoding=\"async\" src=\"https:\/\/www.u-picardie.fr\/habiterlemonde\/wp-content\/uploads\/2022\/12\/Headers-Jerusalem.png\" alt=\"Diapo 4\">\n\t\t<\/div>\n\t\t<div class=\"annuaire-slide\">\n\t\t  <img decoding=\"async\" src=\"https:\/\/www.u-picardie.fr\/habiterlemonde\/wp-content\/uploads\/2022\/02\/Entete_1-1.jpg\" alt=\"Diapo 5\">\n\t\t<\/div>\n\t  <\/div>\n\t<\/div>\n<style>\n\t.annuaire-coverr {\n\t\twidth: 100%;\n\t\tmax-width: 1140px;\n\t\tmargin: 1.5rem auto 1rem;\n\t\tpadding: 0 1rem;\n\t\tposition: relative;\n\t\toverflow: hidden;\n\n\t  }\n\n\t  .annuaire-slider-wrapper {\n\t\tposition: relative;\n\t\twidth: 100%;\n\t\theight: auto;\n\t  }\n\n\t  .annuaire-slide {\n\t\tposition: absolute;\n\t\ttop: 0; left: 0;\n\t\twidth: 100%;\n\t\ttransition: transform 1s ease-in-out, opacity 1s ease-in-out;\n\t\topacity: 0;\n\t\tz-index: 0;\n\t  }\n\n\t  .annuaire-slide img {\n\t\twidth: 100%;\n\t\theight: auto;\n\t\tobject-fit: cover;\n\t\tdisplay: block;\n\t\tborder-radius: 8px;\n\t\tfilter: brightness(0.97) saturate(1.1);\n\t\tborder-radius: 8px;\n\t\tborder: 4px solid #f7d633;\n\t\tbox-shadow: 0 6px 18px rgba(0, 0, 0, 0.25);\n\t  }\n\n\t  .annuaire-slide.active {\n\t\topacity: 1;\n\t\tz-index: 1;\n\t\ttransform: translateX(0);\n\t  }\n\n\t  .annuaire-slide.prev {\n\t\ttransform: translateX(-100%);\n\t  }\n\n\t  .annuaire-slide.next {\n\t\ttransform: translateX(100%);\n\t  }\n<\/style>\n<script>\n\tdocument.addEventListener('DOMContentLoaded', function () {\n\t  const slides = document.querySelectorAll('.annuaire-slide');\n\t  const container = document.getElementById('slider-container');\n\t  let current = 0;\n\n\t  function setSliderHeight(img) {\n\t\tif (container && img) {\n\t\t  container.style.height = img.offsetHeight + 'px';\n\t\t}\n\t  }\n\n\t  \/\/ S'assurer que la premi\u00e8re image a charg\u00e9\n\t  const firstImage = slides[0]?.querySelector('img');\n\t  if (firstImage) {\n\t\tif (firstImage.complete) {\n\t\t  setSliderHeight(firstImage);\n\t\t} else {\n\t\t  firstImage.onload = () => setSliderHeight(firstImage);\n\t\t}\n\t  }\n\n\t  \/\/ Slider auto\n\t  setInterval(() => {\n\t\tconst next = (current + 1) % slides.length;\n\n\t\tslides.forEach((slide, i) => {\n\t\t  slide.classList.remove('active', 'prev', 'next');\n\t\t  if (i === current) slide.classList.add('prev');\n\t\t  if (i === next) slide.classList.add('active');\n\t\t});\n\n\t\tcurrent = next;\n\t  }, 4000);\n\t});\n<\/script>\n<div class=\"content-wrapper\">\n  <div class=\"site-content-box\">\n\t<div class=\"annuaire-header\">\n  <div class=\"annuaire-subtitle\">Pr\u00e9sentation<\/div>\n  <div class=\"annuaire-title\" style=\"font-size:4rem; color:#4CAF50;  font-family: 'Raleway', sans-serif; font-size: clamp(2rem, 5vw, 3rem);\">Annuaire<\/div>\n<\/div>\n\n    <!-- Formulaire de recherche -->\n<form method=\"get\" class=\"annuaire-search-form\">\n  <input\n    type=\"text\"\n    name=\"search_member\"\n    placeholder=\"Rechercher\u2026\"\n    value=\"\"\n    class=\"annuaire-search-input\"\n  >\n  <button type=\"submit\" class=\"annuaire-btn-search \">Rechercher<\/button>\n  <button type=\"button\" class=\"annuaire-btn-clear\" onclick=\"this.form.search_member.value=''\">\n    Effacer\n  <\/button>\n<\/form>\n<div style=\"max-width: 1200px; margin: auto;\"><div class=\"annuaire-membres-shortcode\" style=\"gap: 1.5rem; justify-content: center;\"><a\n  href=\"https:\/\/www.u-picardie.fr\/habiterlemonde\/membre\/tiphaine-barthelemy\/\"\n  class=\"member-item\"\n  style=\"text-decoration:none; color:inherit; display:block; width:250px;\">\n\n      <img decoding=\"async\" src=\"https:\/\/www.u-picardie.fr\/habiterlemonde\/wp-content\/uploads\/2025\/05\/Capture-decran-2025-05-30-a-14.31.59.png\" alt=\"\" class=\"member-photo\">\n  \n  <h2 class=\"member-name\">Tiphaine Barth\u00e9l\u00e9my<\/h2>\n\n      <p class=\"member-corps\">Professeure \u00e9m\u00e9rite en anthropologie<\/p>\n  \n      <span class=\"member-statut-badge\">Membre titulaire<\/span>\n  \n<\/a>\n<a\n  href=\"https:\/\/www.u-picardie.fr\/habiterlemonde\/membre\/dalal-benbabaali\/\"\n  class=\"member-item\"\n  style=\"text-decoration:none; color:inherit; display:block; width:250px;\">\n\n      <img decoding=\"async\" src=\"https:\/\/www.u-picardie.fr\/habiterlemonde\/wp-content\/uploads\/2025\/05\/photo-Dalel-HM.jpg\" alt=\"\" class=\"member-photo\">\n  \n  <h2 class=\"member-name\">Dalal Benbabaali<\/h2>\n\n      <p class=\"member-corps\">Ma\u00eetresse de conf\u00e9rences en g\u00e9ographie<\/p>\n  \n      <span class=\"member-statut-badge\">Membre titulaire<\/span>\n  \n<\/a>\n<a\n  href=\"https:\/\/www.u-picardie.fr\/habiterlemonde\/membre\/denis-blot\/\"\n  class=\"member-item\"\n  style=\"text-decoration:none; color:inherit; display:block; width:250px;\">\n\n      <img decoding=\"async\" src=\"https:\/\/www.u-picardie.fr\/habiterlemonde\/wp-content\/uploads\/2025\/04\/image-20200101-11946-1olt4ce.jpg\" alt=\"\" class=\"member-photo\">\n  \n  <h2 class=\"member-name\">Denis Blot<\/h2>\n\n      <p class=\"member-corps\">Ma\u00eetre de conf\u00e9rences en socio-anthropologie<\/p>\n  \n      <span class=\"member-statut-badge\">Membre titulaire<\/span>\n  \n<\/a>\n<a\n  href=\"https:\/\/www.u-picardie.fr\/habiterlemonde\/membre\/marie-chabrol\/\"\n  class=\"member-item\"\n  style=\"text-decoration:none; color:inherit; display:block; width:250px;\">\n\n      <img decoding=\"async\" src=\"https:\/\/www.u-picardie.fr\/habiterlemonde\/wp-content\/uploads\/2025\/05\/Photo_CHABROL_307.jpg\" alt=\"\" class=\"member-photo\">\n  \n  <h2 class=\"member-name\">Marie Chabrol<\/h2>\n\n      <p class=\"member-corps\">Ma\u00eetresse de conf\u00e9rences en g\u00e9ographie<\/p>\n  \n      <span class=\"member-statut-badge\">Membre titulaire<\/span>\n  \n<\/a>\n<a\n  href=\"https:\/\/www.u-picardie.fr\/habiterlemonde\/membre\/sophie-chevalier\/\"\n  class=\"member-item\"\n  style=\"text-decoration:none; color:inherit; display:block; width:250px;\">\n\n      <img decoding=\"async\" src=\"https:\/\/www.u-picardie.fr\/habiterlemonde\/wp-content\/uploads\/2025\/05\/SophieChevalier.jpg\" alt=\"\" class=\"member-photo\">\n  \n  <h2 class=\"member-name\">Sophie Chevalier<\/h2>\n\n      <p class=\"member-corps\">Professeure en anthropologie<\/p>\n  \n      <span class=\"member-statut-badge\">Membre titulaire<\/span>\n  \n<\/a>\n<a\n  href=\"https:\/\/www.u-picardie.fr\/habiterlemonde\/membre\/florian-dauphin\/\"\n  class=\"member-item\"\n  style=\"text-decoration:none; color:inherit; display:block; width:250px;\">\n\n      <img decoding=\"async\" src=\"https:\/\/www.u-picardie.fr\/habiterlemonde\/wp-content\/uploads\/2022\/03\/Florian.jpeg\" alt=\"\" class=\"member-photo\">\n  \n  <h2 class=\"member-name\">Florian Dauphin<\/h2>\n\n      <p class=\"member-corps\">Ma\u00eetre de conf\u00e9rences en sciences de l\u2019information et de la communication<\/p>\n  \n      <span class=\"member-statut-badge\">Membre titulaire<\/span>\n  \n<\/a>\n<a\n  href=\"https:\/\/www.u-picardie.fr\/habiterlemonde\/membre\/severin-guillard\/\"\n  class=\"member-item\"\n  style=\"text-decoration:none; color:inherit; display:block; width:250px;\">\n\n      <img decoding=\"async\" src=\"https:\/\/www.u-picardie.fr\/habiterlemonde\/wp-content\/uploads\/2025\/05\/Severin-Guillard.jpg\" alt=\"\" class=\"member-photo\">\n  \n  <h2 class=\"member-name\">S\u00e9verin Guillard<\/h2>\n\n      <p class=\"member-corps\">Ma\u00eetre de conf\u00e9rences en g\u00e9ographie<\/p>\n  \n      <span class=\"member-statut-badge\">Membre titulaire<\/span>\n  \n<\/a>\n<a\n  href=\"https:\/\/www.u-picardie.fr\/habiterlemonde\/membre\/nicolas-lebrun\/\"\n  class=\"member-item\"\n  style=\"text-decoration:none; color:inherit; display:block; width:250px;\">\n\n      <img decoding=\"async\" src=\"https:\/\/www.u-picardie.fr\/habiterlemonde\/wp-content\/uploads\/2025\/05\/nicolas-lebrun.jpg\" alt=\"\" class=\"member-photo\">\n  \n  <h2 class=\"member-name\">Nicolas Lebrun<\/h2>\n\n      <p class=\"member-corps\">Ma\u00eetre de conf\u00e9rences HDR en g\u00e9ographie<\/p>\n  \n      <span class=\"member-statut-badge\">Membre titulaire<\/span>\n  \n<\/a>\n<a\n  href=\"https:\/\/www.u-picardie.fr\/habiterlemonde\/membre\/pierre-jacques-olagnier\/\"\n  class=\"member-item\"\n  style=\"text-decoration:none; color:inherit; display:block; width:250px;\">\n\n      <img decoding=\"async\" src=\"https:\/\/www.u-picardie.fr\/habiterlemonde\/wp-content\/uploads\/2025\/05\/Pierre-Jacques.jpeg\" alt=\"\" class=\"member-photo\">\n  \n  <h2 class=\"member-name\">Pierre-Jacques Olagnier<\/h2>\n\n      <p class=\"member-corps\">Ma\u00eetre de conf\u00e9rences en g\u00e9ographie<\/p>\n  \n      <span class=\"member-statut-badge\">Membre titulaire<\/span>\n  \n<\/a>\n<a\n  href=\"https:\/\/www.u-picardie.fr\/habiterlemonde\/membre\/fabrice-raffin\/\"\n  class=\"member-item\"\n  style=\"text-decoration:none; color:inherit; display:block; width:250px;\">\n\n      <img decoding=\"async\" src=\"https:\/\/www.u-picardie.fr\/habiterlemonde\/wp-content\/uploads\/2025\/05\/photo-profil-raffin.webp\" alt=\"\" class=\"member-photo\">\n  \n  <h2 class=\"member-name\">Fabrice Raffin<\/h2>\n\n      <p class=\"member-corps\">Ma\u00eetre de conf\u00e9rences en socio-anthropologie<\/p>\n  \n      <span class=\"member-statut-badge\">Membre titulaire<\/span>\n  \n<\/a>\n<a\n  href=\"https:\/\/www.u-picardie.fr\/habiterlemonde\/membre\/celine-rosselin-bareille\/\"\n  class=\"member-item\"\n  style=\"text-decoration:none; color:inherit; display:block; width:250px;\">\n\n      <img decoding=\"async\" src=\"https:\/\/www.u-picardie.fr\/habiterlemonde\/wp-content\/uploads\/2025\/05\/20241001_063825-e1728839347498-1.png\" alt=\"\" class=\"member-photo\">\n  \n  <h2 class=\"member-name\">C\u00e9line Rosselin-Bareille<\/h2>\n\n      <p class=\"member-corps\">Professeure en anthropologie<\/p>\n  \n      <span class=\"member-statut-badge\">Membre titulaire<\/span>\n  \n<\/a>\n<a\n  href=\"https:\/\/www.u-picardie.fr\/habiterlemonde\/membre\/gaelle-stephan-blanchard\/\"\n  class=\"member-item\"\n  style=\"text-decoration:none; color:inherit; display:block; width:250px;\">\n\n      <img decoding=\"async\" src=\"https:\/\/www.u-picardie.fr\/habiterlemonde\/wp-content\/uploads\/2022\/06\/GaelleSG.png\" alt=\"\" class=\"member-photo\">\n  \n  <h2 class=\"member-name\">Ga\u00eblle Stephan-Blanchard<\/h2>\n\n      <p class=\"member-corps\">Gestionnaire administrative<\/p>\n  \n      <span class=\"member-statut-badge\">Membre titulaire<\/span>\n  \n<\/a>\n<a\n  href=\"https:\/\/www.u-picardie.fr\/habiterlemonde\/membre\/gwendoline-torterat\/\"\n  class=\"member-item\"\n  style=\"text-decoration:none; color:inherit; display:block; width:250px;\">\n\n      <img decoding=\"async\" src=\"https:\/\/www.u-picardie.fr\/habiterlemonde\/wp-content\/uploads\/2025\/05\/Photo-de-profil-scaled.jpg\" alt=\"\" class=\"member-photo\">\n  \n  <h2 class=\"member-name\">Gwendoline Torterat<\/h2>\n\n      <p class=\"member-corps\">Ma\u00eetresse de conf\u00e9rences en anthropologie<\/p>\n  \n      <span class=\"member-statut-badge\">Membre titulaire<\/span>\n  \n<\/a>\n<a\n  href=\"https:\/\/www.u-picardie.fr\/habiterlemonde\/membre\/julie-desert\/\"\n  class=\"member-item\"\n  style=\"text-decoration:none; color:inherit; display:block; width:250px;\">\n\n      <img decoding=\"async\" src=\"https:\/\/www.u-picardie.fr\/habiterlemonde\/wp-content\/uploads\/2025\/05\/21908375_1459524200790022_968964214_o.jpg\" alt=\"\" class=\"member-photo\">\n  \n  <h2 class=\"member-name\">Julie D\u00e9sert<\/h2>\n\n      <p class=\"member-corps\">Doctorante en anthropologie<\/p>\n  \n      <span class=\"member-statut-badge\">Doctorant<\/span>\n  \n<\/a>\n<a\n  href=\"https:\/\/www.u-picardie.fr\/habiterlemonde\/membre\/bastien-durand-toulouse\/\"\n  class=\"member-item\"\n  style=\"text-decoration:none; color:inherit; display:block; width:250px;\">\n\n      <img decoding=\"async\" src=\"https:\/\/www.u-picardie.fr\/habiterlemonde\/wp-content\/uploads\/2023\/05\/HM.jpg\" alt=\"\" class=\"member-photo\">\n  \n  <h2 class=\"member-name\">Bastien Durand-Toulouse<\/h2>\n\n      <p class=\"member-corps\">Doctorant en anthropologie<\/p>\n  \n      <span class=\"member-statut-badge\">Doctorant<\/span>\n  \n<\/a>\n<a\n  href=\"https:\/\/www.u-picardie.fr\/habiterlemonde\/membre\/charlotte-goetgheluck\/\"\n  class=\"member-item\"\n  style=\"text-decoration:none; color:inherit; display:block; width:250px;\">\n\n      <img decoding=\"async\" src=\"https:\/\/www.u-picardie.fr\/habiterlemonde\/wp-content\/uploads\/2025\/05\/Charlotte-photo-profil.jpeg\" alt=\"\" class=\"member-photo\">\n  \n  <h2 class=\"member-name\">Charlotte Goetgheluck<\/h2>\n\n      <p class=\"member-corps\">Doctorante en anthropologie<\/p>\n  \n      <span class=\"member-statut-badge\">Doctorant<\/span>\n  \n<\/a>\n<a\n  href=\"https:\/\/www.u-picardie.fr\/habiterlemonde\/membre\/veronique-hochede\/\"\n  class=\"member-item\"\n  style=\"text-decoration:none; color:inherit; display:block; width:250px;\">\n\n      <img decoding=\"async\" src=\"https:\/\/www.u-picardie.fr\/habiterlemonde\/wp-content\/uploads\/2025\/05\/V-Hochede-photo.jpg\" alt=\"\" class=\"member-photo\">\n  \n  <h2 class=\"member-name\">V\u00e9ronique Hoch\u00e9d\u00e9<\/h2>\n\n      <p class=\"member-corps\">Doctorante en anthropologie<\/p>\n  \n      <span class=\"member-statut-badge\">Doctorant<\/span>\n  \n<\/a>\n<a\n  href=\"https:\/\/www.u-picardie.fr\/habiterlemonde\/membre\/camille-notebaert\/\"\n  class=\"member-item\"\n  style=\"text-decoration:none; color:inherit; display:block; width:250px;\">\n\n      <img decoding=\"async\" src=\"https:\/\/www.u-picardie.fr\/habiterlemonde\/wp-content\/uploads\/2025\/05\/camille-notabaert.jpeg\" alt=\"\" class=\"member-photo\">\n  \n  <h2 class=\"member-name\">Camille Notebaert<\/h2>\n\n      <p class=\"member-corps\">Doctorante en anthropologie<\/p>\n  \n      <span class=\"member-statut-badge\">Doctorant<\/span>\n  \n<\/a>\n<a\n  href=\"https:\/\/www.u-picardie.fr\/habiterlemonde\/membre\/jeffrey-barash\/\"\n  class=\"member-item\"\n  style=\"text-decoration:none; color:inherit; display:block; width:250px;\">\n\n      <img decoding=\"async\" src=\"https:\/\/www.u-picardie.fr\/habiterlemonde\/wp-content\/uploads\/2025\/05\/s200_jeffrey_andrew.barash.jpg\" alt=\"\" class=\"member-photo\">\n  \n  <h2 class=\"member-name\">Jeffrey Barash<\/h2>\n\n      <p class=\"member-corps\">Professeur \u00e9m\u00e9rite en philosophie<\/p>\n  \n      <span class=\"member-statut-badge\">Membre associ\u00e9<\/span>\n  \n<\/a>\n<a\n  href=\"https:\/\/www.u-picardie.fr\/habiterlemonde\/membre\/christophe-baticle\/\"\n  class=\"member-item\"\n  style=\"text-decoration:none; color:inherit; display:block; width:250px;\">\n\n      <img decoding=\"async\" src=\"https:\/\/www.u-picardie.fr\/habiterlemonde\/wp-content\/uploads\/2025\/05\/Baticle.png\" alt=\"\" class=\"member-photo\">\n  \n  <h2 class=\"member-name\">Christophe Baticle<\/h2>\n\n      <p class=\"member-corps\">Ma\u00eetre de conf\u00e9rences en anthropologie<\/p>\n  \n      <span class=\"member-statut-badge\">Membre associ\u00e9<\/span>\n  \n<\/a>\n<a\n  href=\"https:\/\/www.u-picardie.fr\/habiterlemonde\/membre\/anne-bouhali\/\"\n  class=\"member-item\"\n  style=\"text-decoration:none; color:inherit; display:block; width:250px;\">\n\n      <img decoding=\"async\" src=\"https:\/\/www.u-picardie.fr\/habiterlemonde\/wp-content\/uploads\/2025\/05\/Anne-Bouhali-2-Copie-scaled.jpg\" alt=\"\" class=\"member-photo\">\n  \n  <h2 class=\"member-name\">Anne Bouhali<\/h2>\n\n      <p class=\"member-corps\">Ma\u00eetresse de conf\u00e9rences en g\u00e9ographie<\/p>\n  \n      <span class=\"member-statut-badge\">Membre associ\u00e9<\/span>\n  \n<\/a>\n<a\n  href=\"https:\/\/www.u-picardie.fr\/habiterlemonde\/membre\/maite-boullosa-joly\/\"\n  class=\"member-item\"\n  style=\"text-decoration:none; color:inherit; display:block; width:250px;\">\n\n      <img decoding=\"async\" src=\"https:\/\/www.u-picardie.fr\/habiterlemonde\/wp-content\/uploads\/2025\/05\/photo-cv_maite_web-Copie.jpg\" alt=\"\" class=\"member-photo\">\n  \n  <h2 class=\"member-name\">Ma\u00eft\u00e9 Boullosa-Joly<\/h2>\n\n      <p class=\"member-corps\">Ma\u00eetresse de conf\u00e9rences en anthropologie<\/p>\n  \n      <span class=\"member-statut-badge\">Membre associ\u00e9<\/span>\n  \n<\/a>\n<a\n  href=\"https:\/\/www.u-picardie.fr\/habiterlemonde\/membre\/camille-dormoy\/\"\n  class=\"member-item\"\n  style=\"text-decoration:none; color:inherit; display:block; width:250px;\">\n\n      <img decoding=\"async\" src=\"https:\/\/www.u-picardie.fr\/habiterlemonde\/wp-content\/uploads\/2025\/05\/camille-dormoy2.jpg\" alt=\"\" class=\"member-photo\">\n  \n  <h2 class=\"member-name\">Camille Dormoy<\/h2>\n\n      <p class=\"member-corps\">Post-doctorante en sociologie<\/p>\n  \n      <span class=\"member-statut-badge\">Membre associ\u00e9<\/span>\n  \n<\/a>\n<a\n  href=\"https:\/\/www.u-picardie.fr\/habiterlemonde\/membre\/david-gamet\/\"\n  class=\"member-item\"\n  style=\"text-decoration:none; color:inherit; display:block; width:250px;\">\n\n      <img decoding=\"async\" src=\"https:\/\/www.u-picardie.fr\/habiterlemonde\/wp-content\/uploads\/2025\/05\/David-Gamet.png\" alt=\"\" class=\"member-photo\">\n  \n  <h2 class=\"member-name\">David Gamet<\/h2>\n\n      <p class=\"member-corps\">Post-doctorant en socio-anthropologie<\/p>\n  \n      <span class=\"member-statut-badge\">Membre associ\u00e9<\/span>\n  \n<\/a>\n<a\n  href=\"https:\/\/www.u-picardie.fr\/habiterlemonde\/membre\/aline-hemond\/\"\n  class=\"member-item\"\n  style=\"text-decoration:none; color:inherit; display:block; width:250px;\">\n\n      <img decoding=\"async\" src=\"https:\/\/www.u-picardie.fr\/habiterlemonde\/wp-content\/uploads\/2025\/05\/aline-hemont.jpg\" alt=\"\" class=\"member-photo\">\n  \n  <h2 class=\"member-name\">Aline H\u00e9mond<\/h2>\n\n      <p class=\"member-corps\">Professeure en anthropologie<\/p>\n  \n      <span class=\"member-statut-badge\">Membre associ\u00e9<\/span>\n  \n<\/a>\n<a\n  href=\"https:\/\/www.u-picardie.fr\/habiterlemonde\/membre\/brett-le-saint\/\"\n  class=\"member-item\"\n  style=\"text-decoration:none; color:inherit; display:block; width:250px;\">\n\n      <img decoding=\"async\" src=\"https:\/\/www.u-picardie.fr\/habiterlemonde\/wp-content\/uploads\/2025\/05\/Brett-Le-Saint-Copie.jpg\" alt=\"\" class=\"member-photo\">\n  \n  <h2 class=\"member-name\">Brett Le Saint<\/h2>\n\n      <p class=\"member-corps\">Post-doctorant en anthropologie<\/p>\n  \n      <span class=\"member-statut-badge\">Membre associ\u00e9<\/span>\n  \n<\/a>\n<a\n  href=\"https:\/\/www.u-picardie.fr\/habiterlemonde\/membre\/hugo-mazzero\/\"\n  class=\"member-item\"\n  style=\"text-decoration:none; color:inherit; display:block; width:250px;\">\n\n      <img decoding=\"async\" src=\"https:\/\/www.u-picardie.fr\/habiterlemonde\/wp-content\/uploads\/2025\/05\/photo-hugo-mazzero.jpg\" alt=\"\" class=\"member-photo\">\n  \n  <h2 class=\"member-name\">Hugo Mazzero<\/h2>\n\n      <p class=\"member-corps\">Doctorant en g\u00e9ographie<\/p>\n  \n      <span class=\"member-statut-badge\">Membre associ\u00e9<\/span>\n  \n<\/a>\n<a\n  href=\"https:\/\/www.u-picardie.fr\/habiterlemonde\/membre\/philippe-reynes\/\"\n  class=\"member-item\"\n  style=\"text-decoration:none; color:inherit; display:block; width:250px;\">\n\n      <img decoding=\"async\" src=\"https:\/\/www.u-picardie.fr\/habiterlemonde\/wp-content\/uploads\/2025\/05\/Ph_Reynes_12.24-rotated.jpg\" alt=\"\" class=\"member-photo\">\n  \n  <h2 class=\"member-name\">Philippe Reyn\u00e9s<\/h2>\n\n      <p class=\"member-corps\">Ma\u00eetre de conf\u00e9rences honoraire en linguistique<\/p>\n  \n      <span class=\"member-statut-badge\">Membre associ\u00e9<\/span>\n  \n<\/a>\n<\/div><\/div>\n\n\n\n<p><\/p>\n","protected":false},"excerpt":{"rendered":"","protected":false},"author":50,"featured_media":0,"parent":0,"menu_order":0,"comment_status":"closed","ping_status":"closed","template":"","meta":{"_acf_changed":false,"inspiro_hide_title":false,"footnotes":""},"class_list":["post-7922","page","type-page","status-publish","hentry"],"acf":[],"_links":{"self":[{"href":"https:\/\/www.u-picardie.fr\/habiterlemonde\/wp-json\/wp\/v2\/pages\/7922","targetHints":{"allow":["GET"]}}],"collection":[{"href":"https:\/\/www.u-picardie.fr\/habiterlemonde\/wp-json\/wp\/v2\/pages"}],"about":[{"href":"https:\/\/www.u-picardie.fr\/habiterlemonde\/wp-json\/wp\/v2\/types\/page"}],"author":[{"embeddable":true,"href":"https:\/\/www.u-picardie.fr\/habiterlemonde\/wp-json\/wp\/v2\/users\/50"}],"replies":[{"embeddable":true,"href":"https:\/\/www.u-picardie.fr\/habiterlemonde\/wp-json\/wp\/v2\/comments?post=7922"}],"version-history":[{"count":0,"href":"https:\/\/www.u-picardie.fr\/habiterlemonde\/wp-json\/wp\/v2\/pages\/7922\/revisions"}],"wp:attachment":[{"href":"https:\/\/www.u-picardie.fr\/habiterlemonde\/wp-json\/wp\/v2\/media?parent=7922"}],"curies":[{"name":"wp","href":"https:\/\/api.w.org\/{rel}","templated":true}]}}