{"id":7793,"date":"2025-04-28T11:42:40","date_gmt":"2025-04-28T09:42:40","guid":{"rendered":"https:\/\/www.u-picardie.fr\/habiterlemonde\/?page_id=7793"},"modified":"2025-05-31T00:03:45","modified_gmt":"2025-05-30T22:03:45","slug":"habilitations-a-diriger-les-recherches","status":"publish","type":"page","link":"https:\/\/www.u-picardie.fr\/habiterlemonde\/habilitations-a-diriger-les-recherches\/","title":{"rendered":"Habilitations \u00e0 Diriger les Recherches"},"content":{"rendered":"<div class=\"hdr-list\">\n<h2 style=\"text-align: center;font-size: clamp(1.6rem, 5vw, 3rem); color: #4caf50; margin-bottom: 2rem; margin-top: 0.8rem; font-family: 'Raleway', sans-serif;\">Habilitations \u00e0 Diriger les Recherches<\/h2>\n<div class=\"hdr-entry\">\n<h3 style=\"color: green;\">Sophie Chevalier<\/h3>\n<p style=\"font-size: 1.1rem;\"><strong>Titre :<\/strong> Pour une anthropologie politique des pratiques \u00e9conomiques<\/p>\n<p style=\"font-size: 1.1rem;\"><strong>Soutenue :<\/strong> \u00e0 l\u2019EHESS\/Paris, le 9 octobre 2014<\/p>\n<p style=\"font-size: 1.1rem;\"><strong>Garant :<\/strong> Jean-Fran\u00e7ois Gossiaux, EHESS<\/p>\n<p style=\"font-size: 1.1rem;\"><strong>Jury :<\/strong> Marc Ab\u00e9l\u00e8s, Chris Hann, Anne Raulin, Tiphaine Barth\u00e9l\u00e9my, Dominique Darbon<\/p>\n<\/div>\n<div class=\"hdr-entry\">\n<h3 style=\"color: green;\">C\u00e9line Rosselin-Bareille<\/h3>\n<p style=\"font-size: 1.1rem;\"><strong>Titre :<\/strong> De la culture mat\u00e9rielle aux mati\u00e8res \u00e0 former : rencontres des mati\u00e8res et construction des sujets<\/p>\n<p style=\"font-size: 1.1rem;\"><strong>Soutenue :<\/strong> \u00e0 l\u2019Universit\u00e9 de Toulouse le 3 juin 2021<\/p>\n<p style=\"font-size: 1.1rem;\"><strong>Garant :<\/strong> Nicolas Adell<\/p>\n<p style=\"font-size: 1.1rem;\"><strong>Jury :<\/strong> N. Adell, J. Candau, N. Diasio, S. Houdart, P. Pitrou, F. Wateau<\/p>\n<\/div>\n<div class=\"hdr-entry\">\n<h3 style=\"color: green;\">Nicolas Lebrun<\/h3>\n<p style=\"font-size: 1.1rem;\"><strong>Titre :<\/strong> R\u00e9interroger la centralit\u00e9 marchande. P\u00f4les, territoires, discontinuit\u00e9s et r\u00e9seaux au service de la centralit\u00e9<\/p>\n<p style=\"font-size: 1.1rem;\"><strong>Soutenue :<\/strong> \u00e0 l\u2019Universit\u00e9 de Paris 8, le 27 janvier 2023<\/p>\n<p style=\"font-size: 1.1rem;\"><strong>Garante :<\/strong> Pr. Nathalie Lemarchand<\/p>\n<p style=\"font-size: 1.1rem;\"><strong>Jury :<\/strong><\/p>\n<ul style=\"font-size: 1.1rem;\">\n<li>Laurent Devisme, professeur de sciences sociales \u2013 \u00e9tudes urbaines, ENSA, Nantes Universit\u00e9<\/li>\n<li>Nathalie Lemarchand, professeure de g\u00e9ographie, Universit\u00e9 Paris 8. 1\u00e8re VP de l\u2019Union g\u00e9ographique Internationale<\/li>\n<li>Jacques L\u00e9vy, professeur, directeur de la chaire intelligence spatiale, Universit\u00e9 Polytechnique des Hauts-de-France<\/li>\n<li>Corinne Luxembourg, professeure de g\u00e9ographie et am\u00e9nagement, Universit\u00e9 Sorbonne Paris Nord<\/li>\n<li>Bernadette M\u00e9renne-Schoumaker, professeure ordinaire honoraire de g\u00e9ographie, Li\u00e8ge Universit\u00e9<\/li>\n<\/ul>\n<\/div>\n<h3 style=\"font-size: 1.3rem;\">HDR soutenues \u00e0 Habiter le Monde \/ Universit\u00e9 Picardie Jules Verne<\/h3>\n<div class=\"hdr-entry\">\n<p style=\"font-size: 1.1rem;\"><strong>Bianca BOTEA<\/strong> (Universit\u00e9 de Lyon 2), 2021<br \/>\n<em>Territoires et fronti\u00e8res, m\u00e9moires et patrimoines. Questions de cohabitation dans les villes postsocialistes de Roumanie.<\/em><br \/>\n<strong>Document in\u00e9dit :<\/strong> Changements urbains et la question des attachements<br \/>\n<strong>Garante :<\/strong> Sophie Chevalier<\/p>\n<\/div>\n<div class=\"hdr-entry\">\n<p style=\"font-size: 1.1rem;\"><strong>Caroline De SAINT PIERRE<\/strong> (\u00c9cole Nationale Sup\u00e9rieure d\u2019Architecture Paris-Malaquais), 2018<br \/>\n<em>Une anthropologie de l\u2019espace-temps social en ville. De l\u2019innovation urbaine \u00e0 la patrimonialisation ou comment produire de la localit\u00e9.<\/em><br \/>\n<strong>Document in\u00e9dit :<\/strong> Nouvelles formes de localit\u00e9 en ville. Ethnographies \u00e0 Buenos Aires.<br \/>\n<strong>Garante :<\/strong> Sophie Chevalier<\/p>\n<\/div>\n<\/div>\n","protected":false},"excerpt":{"rendered":"<p>Habilitations \u00e0 Diriger les Recherches Sophie Chevalier Titre : Pour une anthropologie politique des pratiques \u00e9conomiques Soutenue : \u00e0 l\u2019EHESS\/Paris, le 9 octobre 2014 Garant : Jean-Fran\u00e7ois Gossiaux, EHESS Jury : Marc Ab\u00e9l\u00e8s, Chris Hann, Anne Raulin, Tiphaine Barth\u00e9l\u00e9my, Dominique Darbon C\u00e9line Rosselin-Bareille Titre : De la culture mat\u00e9rielle aux mati\u00e8res \u00e0 former : rencontres &hellip; <\/p>\n<p class=\"link-more\"><a href=\"https:\/\/www.u-picardie.fr\/habiterlemonde\/habilitations-a-diriger-les-recherches\/\" class=\"more-link\">Lire la suite de<span class=\"screen-reader-text\">\u00ab\u00a0Habilitations \u00e0 Diriger les Recherches\u00a0\u00bb<\/span><\/a><\/p>\n","protected":false},"author":50,"featured_media":0,"parent":0,"menu_order":0,"comment_status":"closed","ping_status":"closed","template":"","meta":{"_acf_changed":false,"inspiro_hide_title":false,"footnotes":""},"class_list":["post-7793","page","type-page","status-publish","hentry"],"acf":[],"_links":{"self":[{"href":"https:\/\/www.u-picardie.fr\/habiterlemonde\/wp-json\/wp\/v2\/pages\/7793","targetHints":{"allow":["GET"]}}],"collection":[{"href":"https:\/\/www.u-picardie.fr\/habiterlemonde\/wp-json\/wp\/v2\/pages"}],"about":[{"href":"https:\/\/www.u-picardie.fr\/habiterlemonde\/wp-json\/wp\/v2\/types\/page"}],"author":[{"embeddable":true,"href":"https:\/\/www.u-picardie.fr\/habiterlemonde\/wp-json\/wp\/v2\/users\/50"}],"replies":[{"embeddable":true,"href":"https:\/\/www.u-picardie.fr\/habiterlemonde\/wp-json\/wp\/v2\/comments?post=7793"}],"version-history":[{"count":0,"href":"https:\/\/www.u-picardie.fr\/habiterlemonde\/wp-json\/wp\/v2\/pages\/7793\/revisions"}],"wp:attachment":[{"href":"https:\/\/www.u-picardie.fr\/habiterlemonde\/wp-json\/wp\/v2\/media?parent=7793"}],"curies":[{"name":"wp","href":"https:\/\/api.w.org\/{rel}","templated":true}]}}