{"id":7782,"date":"2025-04-28T11:31:30","date_gmt":"2025-04-28T09:31:30","guid":{"rendered":"https:\/\/www.u-picardie.fr\/habiterlemonde\/?page_id=7782"},"modified":"2025-05-31T00:01:02","modified_gmt":"2025-05-30T22:01:02","slug":"a-luniversite-picardie-jules-verne","status":"publish","type":"page","link":"https:\/\/www.u-picardie.fr\/habiterlemonde\/a-luniversite-picardie-jules-verne\/","title":{"rendered":"\u00c0 l\u2019Universit\u00e9 Picardie Jules Verne"},"content":{"rendered":"<div class=\"formations-container\">\n<section>\n<h2 style=\"text-align: center; font-size: clamp(1.6rem, 5vw, 3rem); color: #4caf50; margin-bottom: 2rem; margin-top: 0.8rem; font-family: 'Raleway', sans-serif;\">\u00c0 l\u2019Universit\u00e9 Picardie Jules Verne<\/h2>\n<p style=\"text-align: justify; font-size: 1.1rem;\">Les enseignants-chercheurs du laboratoire Habiter le Monde interviennent dans les formations de l\u2019UFR d\u2019Histoire et G\u00e9ographie et de l\u2019UFR de Sciences Humaines, Sociales et Philosophie de l\u2019Universit\u00e9 Picardie Jules Verne. Une grande partie de leurs enseignements refl\u00e8tent les orientations scientifiques du laboratoire tout en s\u2019inscrivant dans les maquettes p\u00e9dagogiques des dipl\u00f4mes concern\u00e9s, de la Licence au Doctorat, en passant par l\u2019offre des Masters.<\/p>\n<\/section>\n<section>\n<h3>Formations en G\u00e9ographie :<\/h3>\n<p style=\"text-align: justify; font-size: 1.1rem;\">Le d\u00e9partement de g\u00e9ographie d\u2019Amiens se distingue par son approche des dynamiques socio-spatiales contemporaines, une orientation qui trouve un \u00e9cho particulier dans les recherches men\u00e9es au laboratoire Habiter le Monde. La formation propose une lecture critique des transformations urbaines et des rapports soci\u00e9t\u00e9s-environnements, avec trois sp\u00e9cialisations progressives :<\/p>\n<p style=\"text-align: justify; font-size: 1.1rem;\">En licence, les \u00e9tudiants d\u00e9couvrent d\u2019abord les fondamentaux de la g\u00e9ographie humaine \u00e0 travers des enseignements sur les syst\u00e8mes urbains et les recompositions territoriales. Le parcours s\u2019articule autour de sorties de terrain r\u00e9guli\u00e8res dans les Hauts-de-France, permettant d\u2019appr\u00e9hender concr\u00e8tement les enjeux d\u2019am\u00e9nagement et de transition \u00e9cologique.<\/p>\n<p style=\"font-size: 1.1rem;\">La mention \u00ab G\u00e9ographie des mondes contemporains \u00bb en Master approfondit cette approche par :<\/p>\n<ul style=\"font-size: 1.1rem;\">\n<li>un focus sur les mutations des espaces urbains et p\u00e9riurbains<\/li>\n<li>l\u2019analyse des politiques territoriales et des acteurs locaux<\/li>\n<li>la ma\u00eetrise d\u2019outils professionnels (SIG, diagnostics territoriaux)<\/li>\n<\/ul>\n<p style=\"text-align: justify; font-size: 1.1rem;\">Particularit\u00e9 ami\u00e9noise : l\u2019accent mis sur les m\u00e9thodes qualitatives et l\u2019immersion prolong\u00e9e sur le terrain. Les \u00e9tudiants r\u00e9alisent notamment des enqu\u00eates approfondies sur des sites embl\u00e9matiques de la r\u00e9gion, comme les friches industrielles en reconversion ou les territoires littoraux face au changement climatique.<\/p>\n<p style=\"font-size: 1.1rem;\">Plus d\u2019informations : <a href=\"https:\/\/wp.u-picardie.fr\/geographieamiens\/\" target=\"_blank\" rel=\"noopener\">https:\/\/wp.u-picardie.fr\/geographieamiens\/<\/a><\/p>\n<p style=\"font-size: 1.1rem;\">Vers le d\u00e9partement de g\u00e9ographie : <a href=\"https:\/\/histoire-geographie.u-picardie.fr\/departement-geographie\" target=\"_blank\" rel=\"noopener\">https:\/\/histoire-geographie.u-picardie.fr\/departement-geographie<\/a><\/p>\n<\/section>\n<section>\n<h3>Formations en anthropologie et en sociologie :<\/h3>\n<p style=\"text-align: justify; font-size: 1.1rem;\">Le d\u00e9partement de sociologie, d\u2019anthropologie et de d\u00e9mographie d\u2019Amiens propose une formation pluridisciplinaire ancr\u00e9e dans l\u2019analyse des dynamiques sociales contemporaines, en forte r\u00e9sonance avec les travaux du laboratoire Habiter le Monde. En plus d\u2019acqu\u00e9rir les bases de l\u2019analyse en sciences sociales ainsi que des m\u00e9thodes de l\u2019enqu\u00eate de terrain (observation participante, entretiens, m\u00e9thodes quantitatives, etc.), les \u00e9tudiant-e-s b\u00e9n\u00e9ficient de l\u2019expertise d\u2019enseignant-e-s-chercheur-e-s engag\u00e9-e-s dans des enseignements portant sur les infrastructures urbaines, les mutations des espaces publics et commerciaux, l\u2019\u00e9conomie circulaire, l\u2019acc\u00e8s aux ressources essentielles (eau, \u00e9nergie), ainsi que sur les politiques de lutte contre le changement climatique. Les patrimoines mat\u00e9riels et immat\u00e9riels font \u00e9galement l\u2019objet d\u2019approches renouvel\u00e9es, en particulier autour des patrimoines invisibles, alimentaires ou naturels, des processus de patrimonialisation apr\u00e8s conflit, et des nouvelles formes de m\u00e9diation culturelle. L\u2019\u00e9quipe porte enfin une attention particuli\u00e8re aux m\u00e9thodologies de terrain, \u00e0 l\u2019anthropologie visuelle, \u00e0 la valorisation par le film documentaire et aux usages du multim\u00e9dia dans la recherche en sciences sociales.<\/p>\n<p style=\"text-align: justify; font-size: 1.1rem;\">La particularit\u00e9 ami\u00e9noise : une place centrale donn\u00e9e aux pratiques d\u2019enqu\u00eate empiriques et multim\u00e9dias (cin\u00e9ma documentaire, ethnographie film\u00e9e et sonore, webdocumentaires, etc.).<\/p>\n<p style=\"font-size: 1.1rem;\">Plus d\u2019informations : <a href=\"https:\/\/www.u-picardie.fr\/ufr\/shsp\/formations\/\" target=\"_blank\" rel=\"noopener\">https:\/\/www.u-picardie.fr\/ufr\/shsp\/formations\/<\/a><\/p>\n<p style=\"font-size: 1.1rem;\">Vers le d\u00e9partement de Sciences Sociales : <a href=\"http:\/\/amiens-sociologie.fr\/\" target=\"_blank\" rel=\"noopener\">http:\/\/amiens-sociologie.fr\/<\/a><\/p>\n<\/section>\n<section>\n<h3>Une p\u00e9dagogie ancr\u00e9e dans l\u2019enqu\u00eate de terrain :<\/h3>\n<p style=\"text-align: justify; font-size: 1.1rem;\">Que ce soit en g\u00e9ographie, en anthropologie ou en sociologie, les formations associ\u00e9es au laboratoire Habiter le Monde s\u2019appuient sur un travail empirique fond\u00e9 sur l\u2019observation fine des r\u00e9alit\u00e9s sociales et culturelles. Les \u00e9tudiant-e-s sont amen\u00e9-e-s \u00e0 r\u00e9aliser des enqu\u00eates de terrain d\u00e8s la Licence, dans les Hauts-de-France et sur l\u2019ensemble du territoire fran\u00e7ais, mais \u00e9galement \u00e0 l\u2019international, en lien \u00e9troit avec les recherches d\u00e9velopp\u00e9es par les membres du laboratoire.<\/p>\n<p style=\"text-align: justify; font-size: 1.1rem;\">Nos terrains couvrent une vaste \u00e9tendue g\u00e9ographique. En Europe, les recherches portent sur la France m\u00e9tropolitaine, la Bulgarie, la Gr\u00e8ce, la Grande-Bretagne et la Roumanie. En Afrique, les enqu\u00eates se d\u00e9veloppent au Mali, au Maroc, en C\u00f4te d\u2019Ivoire, au Burkina Faso, en \u00c9thiopie, en Afrique du Sud et, plus largement, en Afrique subsaharienne. Au Proche-Orient, elles se d\u00e9ploient en Isra\u00ebl et en Palestine. En Am\u00e9rique, les enqu\u00eates m\u00e8nent du Venezuela \u00e0 l\u2019Argentine et explorent \u00e9galement des m\u00e9tropoles nord-am\u00e9ricaines telles qu\u2019Atlanta et Minneapolis-Saint Paul aux \u00c9tats-Unis. En Asie enfin, les travaux concernent l\u2019Inde du Sud.<\/p>\n<\/section>\n<\/div>\n","protected":false},"excerpt":{"rendered":"<p>\u00c0 l\u2019Universit\u00e9 Picardie Jules Verne Les enseignants-chercheurs du laboratoire Habiter le Monde interviennent dans les formations de l\u2019UFR d\u2019Histoire et G\u00e9ographie et de l\u2019UFR de Sciences Humaines, Sociales et Philosophie de l\u2019Universit\u00e9 Picardie Jules Verne. Une grande partie de leurs enseignements refl\u00e8tent les orientations scientifiques du laboratoire tout en s\u2019inscrivant dans les maquettes p\u00e9dagogiques des &hellip; <\/p>\n<p class=\"link-more\"><a href=\"https:\/\/www.u-picardie.fr\/habiterlemonde\/a-luniversite-picardie-jules-verne\/\" class=\"more-link\">Lire la suite de<span class=\"screen-reader-text\">\u00ab\u00a0\u00c0 l\u2019Universit\u00e9 Picardie Jules Verne\u00a0\u00bb<\/span><\/a><\/p>\n","protected":false},"author":50,"featured_media":0,"parent":0,"menu_order":0,"comment_status":"closed","ping_status":"closed","template":"","meta":{"_acf_changed":false,"inspiro_hide_title":false,"footnotes":""},"class_list":["post-7782","page","type-page","status-publish","hentry"],"acf":[],"_links":{"self":[{"href":"https:\/\/www.u-picardie.fr\/habiterlemonde\/wp-json\/wp\/v2\/pages\/7782","targetHints":{"allow":["GET"]}}],"collection":[{"href":"https:\/\/www.u-picardie.fr\/habiterlemonde\/wp-json\/wp\/v2\/pages"}],"about":[{"href":"https:\/\/www.u-picardie.fr\/habiterlemonde\/wp-json\/wp\/v2\/types\/page"}],"author":[{"embeddable":true,"href":"https:\/\/www.u-picardie.fr\/habiterlemonde\/wp-json\/wp\/v2\/users\/50"}],"replies":[{"embeddable":true,"href":"https:\/\/www.u-picardie.fr\/habiterlemonde\/wp-json\/wp\/v2\/comments?post=7782"}],"version-history":[{"count":0,"href":"https:\/\/www.u-picardie.fr\/habiterlemonde\/wp-json\/wp\/v2\/pages\/7782\/revisions"}],"wp:attachment":[{"href":"https:\/\/www.u-picardie.fr\/habiterlemonde\/wp-json\/wp\/v2\/media?parent=7782"}],"curies":[{"name":"wp","href":"https:\/\/api.w.org\/{rel}","templated":true}]}}