{"id":7551,"date":"2025-04-22T14:56:30","date_gmt":"2025-04-22T12:56:30","guid":{"rendered":"https:\/\/www.u-picardie.fr\/habiterlemonde\/?page_id=7551"},"modified":"2025-05-28T14:12:12","modified_gmt":"2025-05-28T12:12:12","slug":"master-intervention-et-developpement-social-deis-ufr-de-sciences-humaines-sociales-et-philosophie","status":"publish","type":"page","link":"https:\/\/www.u-picardie.fr\/habiterlemonde\/master-intervention-et-developpement-social-deis-ufr-de-sciences-humaines-sociales-et-philosophie\/","title":{"rendered":"Master \u00ab Intervention et d\u00e9veloppement social \u00bb (DEIS) \u2013 UFR de Sciences humaines, sociales et philosophie"},"content":{"rendered":"<p><!-- TITRE + RESPONSABLE --><\/p>\n<div class=\"title-row\" style=\"display: flex; justify-content: space-between; align-items: flex-start; gap: 2rem; flex-wrap: wrap; margin-bottom: 2rem;\">\n<div class=\"title-text\" style=\"flex: 1;\"><span class=\"master-subtitle\" style=\"display: block; font-size: 2rem; color: green; margin-bottom: 0.3rem;\">Master 2<\/span><\/p>\n<h1 class=\"master-title\" style=\"font-size: 1.6rem; margin: 0; color: #111;\">Master \u00ab Intervention et D\u00e9veloppement Social \u00bb (IDS)<\/h1>\n<\/div>\n<aside class=\"dygiter-sidebar\" style=\"width: auto; padding: 1.5rem 2rem; border: 1px solid #ddd; border-radius: 8px; box-shadow: 0 4px 12px rgba(0, 0, 0, 0.15); white-space: nowrap; display: inline-flex; flex-direction: column; align-items: center;\"><span class=\"label\" style=\"display: block; font-size: 1.2rem; color: green; margin-bottom: 0.2rem;\">Responsable<\/span><br \/>\n<img decoding=\"async\" style=\"width: 130px; height: 130px; object-fit: cover; border-radius: 50%; margin-bottom: 0.4rem;\" src=\"https:\/\/www.u-picardie.fr\/habiterlemonde\/wp-content\/uploads\/2025\/04\/Denis-Blot.jpg\" alt=\"Photo de Denis Blot\" \/><\/p>\n<p style=\"margin: 0; font-size: 0.95rem; color: #333;\"><strong>Denis Blot<\/strong><\/p>\n<\/aside>\n<\/div>\n<p><!-- OBJECTIFS --><\/p>\n<section>\n<h2 style=\"font-size: 1.3rem; color: green;\">Objectifs<\/h2>\n<p style=\"text-align: justify; font-size: 1.1rem;\"><strong>UFR :<\/strong> Sciences humaines, sociales et philosophie<br \/>\n<strong>Mention :<\/strong> Sciences sociales (Formation Continue)<br \/>\n<strong>Parcours :<\/strong> Intervention et D\u00e9veloppement Social<\/p>\n<p style=\"text-align: justify; font-size: 1.1rem;\">Former des professionnels pour les institutions sociales comp\u00e9tents en diagnostic, \u00e9tudes de besoin, d\u00e9veloppement de projets, \u00e9valuation, etc.<\/p>\n<p style=\"text-align: justify; font-size: 1.1rem;\">L\u2019objectif des deux premiers semestres, \u00e0 destination de professionnels du travail social int\u00e9grant le master 1 avec une dispense de licence, est de leur permettre d\u2019acqu\u00e9rir des outils de pens\u00e9e et de m\u00e9thode sociologique en vue de l\u2019\u00e9tude de terrain de deuxi\u00e8me ann\u00e9e.<\/p>\n<p style=\"text-align: justify; font-size: 1.1rem;\">Il s\u2019agit \u00e9galement de les initier au travail de recherche dans la perspective du m\u00e9moire DEIS et master socio DS.<\/p>\n<p style=\"text-align: justify; font-size: 1.1rem;\">Le troisi\u00e8me semestre, r\u00e9parti de fait sur une ann\u00e9e, est consacr\u00e9 \u00e0 l\u2019\u00e9tude collective de terrain qui remplace le stage, s\u2019agissant d\u2019\u00e9tudiants professionnels en exercice.<\/p>\n<p style=\"text-align: justify; font-size: 1.1rem;\">Le quatri\u00e8me semestre est centr\u00e9 sur l\u2019analyse des politiques sociales et la gestion des ressources humaines, et sur la finalisation du m\u00e9moire de fin d\u2019\u00e9tude.<\/p>\n<\/section>\n<p><!-- MODULES --><\/p>\n<p><!-- CONTACTS --><\/p>\n<section id=\"contacts\" class=\"contacts-section\">\n<h2 style=\"font-size: 1.3rem; color: green;\">Contacts<\/h2>\n<div style=\"margin-bottom: 1.2rem; padding: 1rem; border: 1px solid #e0e0e0; border-radius: 6px;\">\n<h3 style=\"margin: 0 0 0.5rem; font-size: 1.1rem; color: #111;\">Denis Blot<\/h3>\n<p style=\"margin: 0;\"><a style=\"color: #006837; font-size: 1.1rem;\" href=\"mailto:denis.blot@u-picardie.fr\">denis.blot@u-picardie.fr<\/a><\/p>\n<\/div>\n<div style=\"margin-bottom: 1.2rem; padding: 1rem; border: 1px solid #e0e0e0; border-radius: 6px;\">\n<h3 style=\"margin: 0 0 0.5rem; font-size: 1.1rem; color: #111;\">Service de formation continue<\/h3>\n<p style=\"margin: 0;\"><a style=\"color: #006837; font-size: 1.1rem;\" href=\"mailto:sfcu@u-picardie.fr\">sfcu@u-picardie.fr<\/a><\/p>\n<\/div>\n<\/section>\n","protected":false},"excerpt":{"rendered":"<p>Master 2 Master \u00ab Intervention et D\u00e9veloppement Social \u00bb (IDS) Responsable Denis Blot Objectifs UFR : Sciences humaines, sociales et philosophie Mention : Sciences sociales (Formation Continue) Parcours : Intervention et D\u00e9veloppement Social Former des professionnels pour les institutions sociales comp\u00e9tents en diagnostic, \u00e9tudes de besoin, d\u00e9veloppement de projets, \u00e9valuation, etc. L\u2019objectif des deux premiers &hellip; <\/p>\n<p class=\"link-more\"><a href=\"https:\/\/www.u-picardie.fr\/habiterlemonde\/master-intervention-et-developpement-social-deis-ufr-de-sciences-humaines-sociales-et-philosophie\/\" class=\"more-link\">Lire la suite de<span class=\"screen-reader-text\">\u00ab\u00a0Master \u00ab Intervention et d\u00e9veloppement social \u00bb (DEIS) \u2013 UFR de Sciences humaines, sociales et philosophie\u00a0\u00bb<\/span><\/a><\/p>\n","protected":false},"author":50,"featured_media":0,"parent":0,"menu_order":0,"comment_status":"closed","ping_status":"closed","template":"","meta":{"_acf_changed":false,"inspiro_hide_title":false,"footnotes":""},"class_list":["post-7551","page","type-page","status-publish","hentry"],"acf":[],"_links":{"self":[{"href":"https:\/\/www.u-picardie.fr\/habiterlemonde\/wp-json\/wp\/v2\/pages\/7551","targetHints":{"allow":["GET"]}}],"collection":[{"href":"https:\/\/www.u-picardie.fr\/habiterlemonde\/wp-json\/wp\/v2\/pages"}],"about":[{"href":"https:\/\/www.u-picardie.fr\/habiterlemonde\/wp-json\/wp\/v2\/types\/page"}],"author":[{"embeddable":true,"href":"https:\/\/www.u-picardie.fr\/habiterlemonde\/wp-json\/wp\/v2\/users\/50"}],"replies":[{"embeddable":true,"href":"https:\/\/www.u-picardie.fr\/habiterlemonde\/wp-json\/wp\/v2\/comments?post=7551"}],"version-history":[{"count":0,"href":"https:\/\/www.u-picardie.fr\/habiterlemonde\/wp-json\/wp\/v2\/pages\/7551\/revisions"}],"wp:attachment":[{"href":"https:\/\/www.u-picardie.fr\/habiterlemonde\/wp-json\/wp\/v2\/media?parent=7551"}],"curies":[{"name":"wp","href":"https:\/\/api.w.org\/{rel}","templated":true}]}}