{"id":7536,"date":"2025-04-22T14:23:24","date_gmt":"2025-04-22T12:23:24","guid":{"rendered":"https:\/\/www.u-picardie.fr\/habiterlemonde\/?page_id=7536"},"modified":"2025-05-28T14:08:34","modified_gmt":"2025-05-28T12:08:34","slug":"master-pratique-de-lenquete-et-theorie-du-social-ufr-de-sciences-humaines-sociales-et-philosophie","status":"publish","type":"page","link":"https:\/\/www.u-picardie.fr\/habiterlemonde\/master-pratique-de-lenquete-et-theorie-du-social-ufr-de-sciences-humaines-sociales-et-philosophie\/","title":{"rendered":"Master \u00ab Pratique de l\u2019enqu\u00eate et th\u00e9orie du social \u00bb \u2013 UFR de Sciences humaines, sociales et philosophie"},"content":{"rendered":"<p><!-- TITRE + RESPONSABLE --><\/p>\n<div class=\"title-row\" style=\"display: flex; justify-content: space-between; align-items: flex-start; gap: 2rem; flex-wrap: wrap; margin-bottom: 2rem;\">\n<div class=\"title-text\" style=\"flex: 1;\"><span class=\"master-subtitle\" style=\"display: block; font-size: 2rem; color: green; margin-bottom: 0.3rem;\">Master 2<\/span><\/p>\n<h1 class=\"master-title\" style=\"font-size: 1.6rem; margin: 0; color: #111;\">Master \u00ab Pratique de l\u2019enqu\u00eate et th\u00e9orie du social \u00bb (PTS)<\/h1>\n<\/div>\n<aside class=\"dygiter-sidebar\" style=\"width: auto; padding: 1.5rem 2rem; border: 1px solid #ddd; border-radius: 8px; box-shadow: 0 4px 12px rgba(0, 0, 0, 0.15); white-space: nowrap; display: inline-flex; flex-direction: column; align-items: center;\"><span class=\"label\" style=\"display: block; font-size: 1.2rem; color: green; margin-bottom: 0.2rem;\">Responsables<\/span><\/p>\n<p style=\"margin: 0; font-size: 0.95rem; color: #333;\"><strong>Isabelle Charpentier<\/strong><\/p>\n<p><strong>Sophie Chevalier<\/strong><\/p>\n<\/aside>\n<\/div>\n<p><!-- OBJECTIFS --><\/p>\n<section>\n<h2 style=\"font-size: 1.3rem; color: green;\">Objectifs<\/h2>\n<p style=\"text-align: justify; font-size: 1.1rem;\"><strong>UFR :<\/strong> Sciences humaines, sociales et philosophie<br \/>\n<strong>Mention :<\/strong> Sciences sociales<br \/>\n<strong>Parcours :<\/strong> Pratique de l\u2019enqu\u00eate et th\u00e9orie du social<\/p>\n<p style=\"text-align: justify; font-size: 1.1rem;\">Le parcours Pratiques de l\u2019Enqu\u00eate et Th\u00e9ories du social propose une formation \u00e0 la recherche par la recherche articulant \u00e9troitement enseignements m\u00e9thodologiques, approches pluridisciplinaires et \u00e9laborations th\u00e9oriques \u00e0 partir d\u2019enqu\u00eates, tant qualitatives que quantitatives, associant ethnographie et statistiques.<\/p>\n<p style=\"text-align: justify; font-size: 1.1rem;\">G\u00e9n\u00e9raliste, ce parcours n\u2019en est pas moins professionnalisant puisqu\u2019il entend familiariser les \u00e9tudiant-e-s \u00e0 la recherche appliqu\u00e9e \u00e0 diff\u00e9rents domaines du social : de la r\u00e9ponse \u00e0 un appel d\u2019offre \u00e0 la r\u00e9daction d\u2019un rapport final et \u00e0 sa valorisation, en passant par le recueil et le traitement de donn\u00e9es multiples.<\/p>\n<p style=\"text-align: justify; font-size: 1.1rem;\">Il favorise, par-l\u00e0, la connaissance des univers de la recherche scientifique dans les organismes publics et la capacit\u00e9 \u00e0 communiquer dans des s\u00e9minaires et des colloques.<\/p>\n<p style=\"text-align: justify; font-size: 1.1rem;\">Les enseignements du M2 PTS sont distribu\u00e9s sur les deux semestres de l\u2019ann\u00e9e universitaire. En sp\u00e9cialit\u00e9 recherche, les \u00e9tudiant-e-s r\u00e9alisent un m\u00e9moire de recherche. Elles-ils peuvent \u00e9galement r\u00e9aliser un film documentaire ethnographique.<\/p>\n<\/section>\n<p><!-- METIERS --><\/p>\n<section>\n<h2 style=\"font-size: 1.3rem; color: green;\">M\u00e9tiers Cibl\u00e9s<\/h2>\n<ul style=\"font-size: 1.1rem;\">\n<li>Les m\u00e9tiers de la recherche, publique ou priv\u00e9e, pour les \u00e9tudiant(e)s qui continuent en doctorat.<\/li>\n<li>Les m\u00e9tiers de charg\u00e9(e) d\u2019\u00e9tudes, d\u2019ing\u00e9nieur(e) d\u2019\u00e9tudes et plus g\u00e9n\u00e9ralement les m\u00e9tiers du conseil, mobilisant la r\u00e9alisation d\u2019\u00e9tudes, de diagnostics, d\u2019\u00e9valuation, d\u2019expertise.<\/li>\n<li>Les m\u00e9tiers de charg\u00e9(e) de mission, chef(fe)s de projet, les m\u00e9tiers en lien avec la conduite de projet, l\u2019\u00e9valuation, l\u2019organisation, la valorisation.<\/li>\n<li>La direction de structures aussi bien dans les domaines public, parapublic, associatif et priv\u00e9.<\/li>\n<li>Du fait de sa vocation g\u00e9n\u00e9raliste, ce parcours recouvre plusieurs champs professionnels. Les d\u00e9bouch\u00e9s vis\u00e9s sont plut\u00f4t les bureaux d\u2019\u00e9tudes, les instituts de sondage, les observatoires, les organismes d\u2019\u00e9tudes et de recherche, sans oublier la recherche scientifique.<\/li>\n<\/ul>\n<h2 style=\"text-align: left;\">Contacts<\/h2>\n<\/section>\n<section>\n<div style=\"margin-bottom: 1.2rem; padding: 1rem; border: 1px solid #e0e0e0; border-radius: 6px;\">\n<h3 style=\"margin: 0 0 0.5rem; font-size: 1.1rem; color: #111;\">Isabelle Charpentier<\/h3>\n<p style=\"margin: 0px; text-align: left;\"><a style=\"color: #006837; font-size: 1.1rem;\" href=\"mailto:isabelle.charpentier@u-picardie.fr\">isabelle.charpentier@u-picardie.fr<\/a><\/p>\n<h3 style=\"margin: 0 0 0.5rem; font-size: 1.1rem; color: #111;\">Sophie Chevalier<\/h3>\n<p style=\"margin: 0px; text-align: left;\"><a style=\"color: #006837; font-size: 1.1rem;\" href=\"mailto:sophie.chevalier@u-picardie.fr\">sophie.chevalier@u-picardie.fr<\/a><\/p>\n<\/div>\n<\/section>\n<div style=\"margin-bottom: 1.2rem; padding: 1rem; border: 1px solid #e0e0e0; border-radius: 6px;\">\n<h3 style=\"margin: 0 0 0.5rem; font-size: 1.1rem; color: #111;\">Service de formation continue<\/h3>\n<p style=\"margin: 0px; text-align: left;\"><a style=\"color: #006837; font-size: 1.1rem;\" href=\"mailto:sfcu@u-picardie.fr\">sfcu@u-picardie.fr<\/a><\/p>\n<\/div>\n","protected":false},"excerpt":{"rendered":"<p>Master 2 Master \u00ab Pratique de l\u2019enqu\u00eate et th\u00e9orie du social \u00bb (PTS) Responsables Isabelle Charpentier Sophie Chevalier Objectifs UFR : Sciences humaines, sociales et philosophie Mention : Sciences sociales Parcours : Pratique de l\u2019enqu\u00eate et th\u00e9orie du social Le parcours Pratiques de l\u2019Enqu\u00eate et Th\u00e9ories du social propose une formation \u00e0 la recherche par &hellip; <\/p>\n<p class=\"link-more\"><a href=\"https:\/\/www.u-picardie.fr\/habiterlemonde\/master-pratique-de-lenquete-et-theorie-du-social-ufr-de-sciences-humaines-sociales-et-philosophie\/\" class=\"more-link\">Lire la suite de<span class=\"screen-reader-text\">\u00ab\u00a0Master \u00ab Pratique de l\u2019enqu\u00eate et th\u00e9orie du social \u00bb \u2013 UFR de Sciences humaines, sociales et philosophie\u00a0\u00bb<\/span><\/a><\/p>\n","protected":false},"author":50,"featured_media":0,"parent":0,"menu_order":0,"comment_status":"closed","ping_status":"closed","template":"","meta":{"_acf_changed":false,"inspiro_hide_title":false,"footnotes":""},"class_list":["post-7536","page","type-page","status-publish","hentry"],"acf":[],"_links":{"self":[{"href":"https:\/\/www.u-picardie.fr\/habiterlemonde\/wp-json\/wp\/v2\/pages\/7536","targetHints":{"allow":["GET"]}}],"collection":[{"href":"https:\/\/www.u-picardie.fr\/habiterlemonde\/wp-json\/wp\/v2\/pages"}],"about":[{"href":"https:\/\/www.u-picardie.fr\/habiterlemonde\/wp-json\/wp\/v2\/types\/page"}],"author":[{"embeddable":true,"href":"https:\/\/www.u-picardie.fr\/habiterlemonde\/wp-json\/wp\/v2\/users\/50"}],"replies":[{"embeddable":true,"href":"https:\/\/www.u-picardie.fr\/habiterlemonde\/wp-json\/wp\/v2\/comments?post=7536"}],"version-history":[{"count":0,"href":"https:\/\/www.u-picardie.fr\/habiterlemonde\/wp-json\/wp\/v2\/pages\/7536\/revisions"}],"wp:attachment":[{"href":"https:\/\/www.u-picardie.fr\/habiterlemonde\/wp-json\/wp\/v2\/media?parent=7536"}],"curies":[{"name":"wp","href":"https:\/\/api.w.org\/{rel}","templated":true}]}}