{"id":7493,"date":"2025-04-22T11:29:34","date_gmt":"2025-04-22T09:29:34","guid":{"rendered":"https:\/\/www.u-picardie.fr\/habiterlemonde\/?page_id=7493"},"modified":"2025-05-28T14:09:39","modified_gmt":"2025-05-28T12:09:39","slug":"master-culture-patrimoine-et-innovations-numeriques-cpin-ufr-de-sciences-humaines-sociales-et-philosophie","status":"publish","type":"page","link":"https:\/\/www.u-picardie.fr\/habiterlemonde\/master-culture-patrimoine-et-innovations-numeriques-cpin-ufr-de-sciences-humaines-sociales-et-philosophie\/","title":{"rendered":"Master \u00ab Culture, Patrimoine et Innovations Num\u00e9riques \u00bb (CPIN) \u2013 UFR de Sciences humaines, sociales et philosophie"},"content":{"rendered":"<p><!-- TITRE ET RESPONSABLE --><\/p>\n<div class=\"title-row\" style=\"display: flex; justify-content: space-between; align-items: flex-start; gap: 3rem; flex-wrap: wrap; margin-bottom: 2rem;\">\n<div class=\"title-text\" style=\"flex: 1;\"><span class=\"master-subtitle\" style=\"display: block; font-size: 2rem; color: green; margin-bottom: 0.3rem;\">Master 2<\/span><\/p>\n<h1 class=\"master-title\" style=\"font-size: 1.6rem; margin: 0; color: #111;\">Master \u00ab Culture, Patrimoine et Innovations Num\u00e9riques \u00bb (CPIN) \u2013 UFR de Sciences humaines, sociales et philosophie<\/h1>\n<\/div>\n<aside class=\"dygiter-sidebar\" style=\"width: 200px; text-align: center;\"><span class=\"label\" style=\"display: block; font-size: 1.2rem; color: green; margin-bottom: 0.2rem;\">Responsable<\/span><br \/>\n<img decoding=\"async\" style=\"width: 130px; height: 130px; object-fit: cover; border-radius: 50%; margin-bottom: 0.4rem;\" src=\"https:\/\/www.u-picardie.fr\/habiterlemonde\/wp-content\/uploads\/2025\/05\/photo-profil-raffin.webp\" alt=\"Photo de Fabrice Raffin\" \/><\/p>\n<p style=\"margin: 0; font-size: 0.95rem; color: #333;\"><strong>Fabrice Raffin<\/strong><\/p>\n<\/aside>\n<\/div>\n<p><!-- CONTENU PRINCIPAL --><\/p>\n<section>\n<h2 style=\"font-size: 1.3rem; color: green;\">Objectifs<\/h2>\n<p style=\"font-size: 1.1rem;\"><strong>UFR\u00a0:<\/strong> Sciences humaines, sociales et philosophie<br \/>\n<strong>Mention\u00a0:<\/strong> Sciences sociales<br \/>\n<strong>Parcours\u00a0:<\/strong> Culture, Patrimoine et Innovations Num\u00e9riques<\/p>\n<p style=\"text-align: justify; font-size: 1.1rem;\">Le Master Culture, Patrimoine et Innovations Num\u00e9riques permet d\u2019acqu\u00e9rir des comp\u00e9tences op\u00e9rationnelles dans le champ de la culture et du patrimoine.<\/p>\n<p style=\"text-align: justify; font-size: 1.1rem;\">Le Master pr\u00e9pare les \u00e9tudiant-e-s aux m\u00e9tiers d\u2019ing\u00e9nierie culturelle et de m\u00e9diation ; \u00e0 la direction, conception et conduite de projets culturels ; au d\u00e9veloppement territorial par la culture ; aux m\u00e9tiers d\u2019encadrement et d\u2019administration dans les institutions culturelles publiques, priv\u00e9es et associatives. Les \u00e9tudiant-e-s sont mis-es en situation professionnelle. Au sein de l\u2019association du Master et encadr\u00e9-e-s par des professionnel-le-s, ils r\u00e9alisent durant 6 mois un projet culturel r\u00e9el d\u2019envergure. Atelier COD (Conception, Organisation, Diffusion).<br \/>\nLe Master articule par ailleurs proportionnellement les approches sociologiques les plus novatrices appliqu\u00e9es \u00e0 la culture et aux patrimoines, ainsi que les apports d\u2019intervenant-e-s professionnel-le-s.<\/p>\n<p style=\"text-align: justify; font-size: 1.1rem;\">En lien avec les \u00e9volutions technologiques contemporaines et les enjeux europ\u00e9ens, il propose deux options :<\/p>\n<ul style=\"text-align: justify; font-size: 1.1rem;\">\n<li>Option innovations num\u00e9riques des mondes culturels et patrimoniaux<\/li>\n<li>Option voyage d\u2019\u00e9tude \u00e0 l\u2019\u00e9tranger<\/li>\n<\/ul>\n<p style=\"text-align: justify; font-size: 1.1rem;\">Le Master se fait en 1 an. Possibilit\u00e9 d\u2019un parcours M1 pr\u00e9paratoire \/ Int\u00e9grable directement en M2.<\/p>\n<p><strong style=\"font-size: 1.1rem;\">Pour en savoir plus\u00a0: <\/strong><a href=\"https:\/\/www.u-picardie.fr\/formation\/catalogue\/master-sciences-sociales\/master-culture-patrimoine-innovations-numeriques-m2\">Voir la fiche formation<\/a><\/p>\n<\/section>\n<section>\n<h2 style=\"font-size: 1.3rem; color: green;\">M\u00e9tiers Cibl\u00e9s<\/h2>\n<ul style=\"text-align: justify; font-size: 1.1rem;\">\n<li>Chef(fe) de projet culturel\/patrimoine<\/li>\n<li>Charg\u00e9(e) de projet culturel\/patrimoine<\/li>\n<li>M\u00e9diation culturelle, m\u00e9diation patrimoniale<\/li>\n<li>Responsable des relations avec les publics<\/li>\n<li>Responsable du d\u00e9veloppement culturel d\u2019une ville<\/li>\n<li>Conseiller(e) culturel(le)<\/li>\n<li>Conseiller(e) en ing\u00e9nierie culturelle<\/li>\n<li>Attach\u00e9(e) de presse culturel(le)<\/li>\n<li>Community manager sp\u00e9cialis\u00e9(e)<\/li>\n<li>Journaliste culturel(le)<\/li>\n<li>Directeur(trice) ou directeur(trice) adjoint(e) d\u2019institutions culturelles, de fondations, de mus\u00e9es<\/li>\n<li>Responsable du m\u00e9c\u00e9nat, fundraiser<\/li>\n<li>Responsable de collection<\/li>\n<li>Responsable de production<\/li>\n<li>Responsable de diffusion<\/li>\n<li>Producteur(trice), charg\u00e9(e) de production<\/li>\n<li>Tourneur, diffuseur de spectacles<\/li>\n<li>Administrateur(trice) de th\u00e9\u00e2tre, de salle de concert<\/li>\n<li>Organisateur(trice) de festivals<\/li>\n<li>Programmateur(trice) de spectacles<\/li>\n<li>Producteur(trice) d\u2019\u00e9v\u00e9nements<\/li>\n<li>Responsable de compagnie<\/li>\n<li>Administration des institutions culturelles publiques, priv\u00e9es et associatives<\/li>\n<li>Fonction publique territoriale \u2013 Services culturels et artistiques<\/li>\n<\/ul>\n<\/section>\n<section>\n<section id=\"contacts\" class=\"contacts-section\">\n<h2 style=\"font-size: 1.3rem; color: green;\">Contacts<\/h2>\n<div style=\"margin-bottom: 1.2rem; padding: 1rem; border: 1px solid #e0e0e0; border-radius: 6px; font-size: 1.1rem;\">\n<h3 style=\"margin: 0 0 0.5rem; font-size: 1.1rem; color: #111;\">Martine\u00a0JOLY<\/h3>\n<p style=\"margin: 0;\">Porte\u00a0F\u00a0206<br \/>\n<a style=\"color: #006837; font-size: 1.1rem;\" href=\"mailto:scolmaster-scso@u-picardie.fr\">scolmaster-scso@u-picardie.fr<\/a><\/p>\n<\/div>\n<div style=\"margin-bottom: 1.2rem; padding: 1rem; border: 1px solid #e0e0e0; border-radius: 6px;\">\n<h3 style=\"margin: 0 0 0.5rem; font-size: 1.1rem; color: #111;\">Service Formation Continue<\/h3>\n<p style=\"margin: 0;\"><a style=\"color: #006837; font-size: 1.1rem;\" href=\"mailto:sfcu@u-picardie.fr\">sfcu@u-picardie.fr<\/a><\/p>\n<\/div>\n<\/section>\n<p><!-- ===== VOTRE FOOTER WORDPRESS ICI ===== --><\/p>\n<\/section>\n","protected":false},"excerpt":{"rendered":"<p>Master 2 Master \u00ab Culture, Patrimoine et Innovations Num\u00e9riques \u00bb (CPIN) \u2013 UFR de Sciences humaines, sociales et philosophie Responsable Fabrice Raffin Objectifs UFR\u00a0: Sciences humaines, sociales et philosophie Mention\u00a0: Sciences sociales Parcours\u00a0: Culture, Patrimoine et Innovations Num\u00e9riques Le Master Culture, Patrimoine et Innovations Num\u00e9riques permet d\u2019acqu\u00e9rir des comp\u00e9tences op\u00e9rationnelles dans le champ de la &hellip; <\/p>\n<p class=\"link-more\"><a href=\"https:\/\/www.u-picardie.fr\/habiterlemonde\/master-culture-patrimoine-et-innovations-numeriques-cpin-ufr-de-sciences-humaines-sociales-et-philosophie\/\" class=\"more-link\">Lire la suite de<span class=\"screen-reader-text\">\u00ab\u00a0Master \u00ab Culture, Patrimoine et Innovations Num\u00e9riques \u00bb (CPIN) \u2013 UFR de Sciences humaines, sociales et philosophie\u00a0\u00bb<\/span><\/a><\/p>\n","protected":false},"author":50,"featured_media":0,"parent":0,"menu_order":0,"comment_status":"closed","ping_status":"closed","template":"","meta":{"_acf_changed":false,"inspiro_hide_title":false,"footnotes":""},"class_list":["post-7493","page","type-page","status-publish","hentry"],"acf":[],"_links":{"self":[{"href":"https:\/\/www.u-picardie.fr\/habiterlemonde\/wp-json\/wp\/v2\/pages\/7493","targetHints":{"allow":["GET"]}}],"collection":[{"href":"https:\/\/www.u-picardie.fr\/habiterlemonde\/wp-json\/wp\/v2\/pages"}],"about":[{"href":"https:\/\/www.u-picardie.fr\/habiterlemonde\/wp-json\/wp\/v2\/types\/page"}],"author":[{"embeddable":true,"href":"https:\/\/www.u-picardie.fr\/habiterlemonde\/wp-json\/wp\/v2\/users\/50"}],"replies":[{"embeddable":true,"href":"https:\/\/www.u-picardie.fr\/habiterlemonde\/wp-json\/wp\/v2\/comments?post=7493"}],"version-history":[{"count":0,"href":"https:\/\/www.u-picardie.fr\/habiterlemonde\/wp-json\/wp\/v2\/pages\/7493\/revisions"}],"wp:attachment":[{"href":"https:\/\/www.u-picardie.fr\/habiterlemonde\/wp-json\/wp\/v2\/media?parent=7493"}],"curies":[{"name":"wp","href":"https:\/\/api.w.org\/{rel}","templated":true}]}}