{"id":7392,"date":"2025-04-18T14:57:45","date_gmt":"2025-04-18T12:57:45","guid":{"rendered":"https:\/\/www.u-picardie.fr\/habiterlemonde\/?page_id=7392"},"modified":"2025-05-28T00:52:54","modified_gmt":"2025-05-27T22:52:54","slug":"master-dynamiques-et-geographie-des-territoires-dygiter-ufr-dhistoire-et-de-geographie","status":"publish","type":"page","link":"https:\/\/www.u-picardie.fr\/habiterlemonde\/les-formations\/master-dynamiques-et-geographie-des-territoires-dygiter-ufr-dhistoire-et-de-geographie\/","title":{"rendered":"Master \u00ab Dynamiques et G\u00e9ographie des Territoires \u00bb (DyGiTer) \u2013 UFR d\u2019Histoire et de G\u00e9ographie"},"content":{"rendered":"<p><!-- TITRE ET RESPONSABLE --><\/p>\n<div class=\"title-row\" style=\"display:flex; justify-content:space-between; align-items:flex-start; gap:3rem; flex-wrap:wrap; margin-bottom:2rem;\">\n<div class=\"title-text\" style=\"flex:1;\">\n   <span class=\"master-subtitle\" style=\"display:block; font-size:2rem; color:green; margin-bottom:0.3rem;\">Master 2<\/span><\/p>\n<h1 class=\"master-title\" style=\"font-size:1.6rem; margin:0; color:#111;\">Master \u00ab\u00a0Dynamiques et G\u00e9ographie des Territoires\u00a0\u00bb (DyGiTer) <\/h1>\n<\/p><\/div>\n<aside class=\"dygiter-sidebar\" style=\"width:200px; text-align:center;\">\n    <span class=\"label\" style=\"display:block; font-size:1.2rem; color:green; margin-bottom:0.2rem;\">Responsable<\/span><br \/>\n    <img decoding=\"async\" src=\"https:\/\/www.u-picardie.fr\/habiterlemonde\/wp-content\/uploads\/2025\/05\/Pierre-Jacques.jpeg\" style=\"width:130px; height:130px; object-fit:cover; border-radius:50%; margin-bottom:0.4rem;\"><\/p>\n<p style=\"margin:0; font-size:0.95rem; color:#333;\"><strong>Pierre\u2011Jacques\u00a0Olagnier<\/strong><\/p>\n<\/aside>\n<\/div>\n<p><!-- CONTENU PRINCIPAL --><\/p>\n<section>\n<h2 style=\"font-size: 1.3rem; color:green;\">Objectifs<\/h2>\n<p style=\"font-size:1.1rem;\"><strong>UFR :<\/strong> Histoire et G\u00e9ographie \/ Sciences<br \/>\n  <strong>Mention :<\/strong> Histoire et territoires<br \/>\n  <strong>Parcours :<\/strong> Dynamiques et G\u00e9ographie des Territoires<\/p>\n<p style=\"text-align: justify; font-size:1.1rem;\">Ce Master, dont les deux ann\u00e9es peuvent \u00eatre suivies en alternance, r\u00e9pond aux besoins de formation dans les domaines de\u00a0: la gestion des \u00e9cosyst\u00e8mes et de leur biodiversit\u00e9, la gestion des agrosyst\u00e8mes, l\u2019am\u00e9nagement et la gestion durable des territoires et des paysages. Co\u2011port\u00e9 par l\u2019UFR des Sciences et l\u2019UFR d\u2019Histoire et G\u00e9ographie, il comporte trois parcours, dont le parcours DYGITER.<\/p>\n<p style=\"text-align: justify; font-size:1.1rem;\">Ce parcours forme des sp\u00e9cialistes de l\u2019environnement, de l\u2019am\u00e9nagement, du d\u00e9veloppement et de la gestion durables des espaces. Cette formation apporte les connaissances et comp\u00e9tences n\u00e9cessaires \u00e0 l\u2019analyse des interactions entre les soci\u00e9t\u00e9s et leur milieu \u00e0 diff\u00e9rentes \u00e9chelles de temps et d\u2019espace, dans diff\u00e9rents contextes (urbain, rural, p\u00e9riurbain), en Picardie, en France ou \u00e0 l\u2019\u00e9tranger.<\/p>\n<p style=\"text-align: justify; font-size:1.1rem;\"><strong>Pour en savoir plus :<\/strong> <a href=\"https:\/\/www.u-picardie.fr\/catalogue-formations\/FI\/co\/master-aetgf.html\" target=\"_blank\">Voir la fiche formation<\/a><\/p>\n<\/section>\n<section>\n<h2 style=\"font-size: 1.3rem; color:green;\">M\u00e9tiers Cibl\u00e9s<\/h2>\n<ul style=\" text-align: justify; font-size:1.1rem;\">\n<li>Charg\u00e9 d\u2019\u00e9tudes \/ de missions<\/li>\n<li>Chef de projet, attach\u00e9 \/ ing\u00e9nieur en environnement<\/li>\n<li>Enseignement<\/li>\n<li>Recherche acad\u00e9mique et appliqu\u00e9e<\/li>\n<li>Dans les collectivit\u00e9s et services de l\u2019\u00c9tat, les coop\u00e9rations internationales, les soci\u00e9t\u00e9s d\u2019\u00e9conomie mixte, les structures de d\u00e9veloppement local, les cabinets, bureaux d\u2019\u00e9tudes et soci\u00e9t\u00e9s de consultance, les \u00e9tablissements scolaires et de recherche<\/li>\n<li>\u00c0 l\u2019issue de leur Master, les \u00e9tudiants peuvent aussi poursuivre en doctorat.<\/li>\n<\/ul>\n<\/section>\n<section>\n<h2 style=\"font-size: 1.3rem; color:green;\">Contacts<\/h2>\n<div style=\"margin-bottom: 1.2rem; padding: 1rem; border: 1px solid #e0e0e0; border-radius: 6px; font-size: 1.1rem;\">\n<h3 style=\"margin: 0 0 0.5rem; font-size: 1.1rem; color: #111;\">Pierre\u2011Jacques Olagnier<\/h3>\n<p style=\"margin: 0;\">\n      <a href=\"mailto:pierre-jacques.olagnier@u-picardie.fr\" style=\"color: #006837; font-size: 1.1rem;\">pierre-jacques.olagnier@u-picardie.fr<\/a>\n    <\/p>\n<\/p><\/div>\n<div style=\"margin-bottom: 1.2rem; padding: 1rem; border: 1px solid #e0e0e0; border-radius: 6px;\">\n<h3 style=\"margin: 0 0 0.5rem; font-size: 1.1rem; color: #111;\">Laurent Chalumeau<\/h3>\n<p style=\"margin: 0;\">\n      <a href=\"mailto:laurent.chalumeau@u-picardie.fr\" style=\"color: #006837; font-size: 1.1rem;\">laurent.chalumeau@u-picardie.fr<\/a>\n    <\/p>\n<\/p><\/div>\n<\/section>\n","protected":false},"excerpt":{"rendered":"<p>Master 2 Master \u00ab\u00a0Dynamiques et G\u00e9ographie des Territoires\u00a0\u00bb (DyGiTer) Responsable Pierre\u2011Jacques\u00a0Olagnier Objectifs UFR : Histoire et G\u00e9ographie \/ Sciences Mention : Histoire et territoires Parcours : Dynamiques et G\u00e9ographie des Territoires Ce Master, dont les deux ann\u00e9es peuvent \u00eatre suivies en alternance, r\u00e9pond aux besoins de formation dans les domaines de\u00a0: la gestion des \u00e9cosyst\u00e8mes &hellip; <\/p>\n<p class=\"link-more\"><a href=\"https:\/\/www.u-picardie.fr\/habiterlemonde\/les-formations\/master-dynamiques-et-geographie-des-territoires-dygiter-ufr-dhistoire-et-de-geographie\/\" class=\"more-link\">Lire la suite de<span class=\"screen-reader-text\">\u00ab\u00a0Master \u00ab Dynamiques et G\u00e9ographie des Territoires \u00bb (DyGiTer) \u2013 UFR d\u2019Histoire et de G\u00e9ographie\u00a0\u00bb<\/span><\/a><\/p>\n","protected":false},"author":50,"featured_media":0,"parent":200,"menu_order":0,"comment_status":"closed","ping_status":"closed","template":"","meta":{"_acf_changed":false,"inspiro_hide_title":false,"footnotes":""},"class_list":["post-7392","page","type-page","status-publish","hentry"],"acf":[],"_links":{"self":[{"href":"https:\/\/www.u-picardie.fr\/habiterlemonde\/wp-json\/wp\/v2\/pages\/7392","targetHints":{"allow":["GET"]}}],"collection":[{"href":"https:\/\/www.u-picardie.fr\/habiterlemonde\/wp-json\/wp\/v2\/pages"}],"about":[{"href":"https:\/\/www.u-picardie.fr\/habiterlemonde\/wp-json\/wp\/v2\/types\/page"}],"author":[{"embeddable":true,"href":"https:\/\/www.u-picardie.fr\/habiterlemonde\/wp-json\/wp\/v2\/users\/50"}],"replies":[{"embeddable":true,"href":"https:\/\/www.u-picardie.fr\/habiterlemonde\/wp-json\/wp\/v2\/comments?post=7392"}],"version-history":[{"count":0,"href":"https:\/\/www.u-picardie.fr\/habiterlemonde\/wp-json\/wp\/v2\/pages\/7392\/revisions"}],"up":[{"embeddable":true,"href":"https:\/\/www.u-picardie.fr\/habiterlemonde\/wp-json\/wp\/v2\/pages\/200"}],"wp:attachment":[{"href":"https:\/\/www.u-picardie.fr\/habiterlemonde\/wp-json\/wp\/v2\/media?parent=7392"}],"curies":[{"name":"wp","href":"https:\/\/api.w.org\/{rel}","templated":true}]}}