{"id":3505,"date":"2022-06-27T16:58:44","date_gmt":"2022-06-27T14:58:44","guid":{"rendered":"http:\/\/vps782919.ovh.net\/?page_id=3505"},"modified":"2025-04-14T15:23:52","modified_gmt":"2025-04-14T13:23:52","slug":"page-de-bio-de-dalel","status":"publish","type":"page","link":"https:\/\/www.u-picardie.fr\/habiterlemonde\/page-de-bio-de-dalel\/","title":{"rendered":"Page de Bio de Dalel"},"content":{"rendered":"<p>Ma\u00eetresse de conf\u00e9rences en g\u00e9ographie \u00e0 l\u2019UPJV depuis 2021,<br \/>\nj\u2019enseigne essentiellement la g\u00e9ographie du d\u00e9veloppement et des pays<br \/>\ndu Sud.<br \/>\nJ\u2019ai men\u00e9 des recherches pendant une quinzaine d\u2019ann\u00e9es sur l\u2019Inde.<br \/>\nMon doctorat portait sur le rapport entre caste dominante et<br \/>\nterritoire en Inde du Sud, th\u00e8se soutenue \u00e0 l\u2019Universit\u00e9<br \/>\nParis-Nanterre en 2012.<br \/>\nJ\u2019ai ensuite men\u00e9 des recherches au d\u00e9partement d\u2019anthropologie de la<br \/>\nLondon School of Economics dans le cadre d\u2019un post-doctorat de 3 ans<br \/>\nsur \u00ab Inequality and Poverty in India \u00bb, puis \u00e0 l\u2019Universit\u00e9 d\u2019Oxford<br \/>\nsur les liens entre conflits et d\u00e9veloppement en Inde centrale,<br \/>\nnotamment aupr\u00e8s des populations autochtones ou \u00ab Adivasis \u00bb.<\/p>\n","protected":false},"excerpt":{"rendered":"<p>Ma\u00eetresse de conf\u00e9rences en g\u00e9ographie \u00e0 l\u2019UPJV depuis 2021, j\u2019enseigne essentiellement la g\u00e9ographie du d\u00e9veloppement et des pays du Sud. J\u2019ai men\u00e9 des recherches pendant une quinzaine d\u2019ann\u00e9es sur l\u2019Inde. Mon doctorat portait sur le rapport entre caste dominante et territoire en Inde du Sud, th\u00e8se soutenue \u00e0 l\u2019Universit\u00e9 Paris-Nanterre en 2012. J\u2019ai ensuite men\u00e9 &hellip; <\/p>\n<p class=\"link-more\"><a href=\"https:\/\/www.u-picardie.fr\/habiterlemonde\/page-de-bio-de-dalel\/\" class=\"more-link\">Lire la suite de<span class=\"screen-reader-text\">\u00ab\u00a0Page de Bio de Dalel\u00a0\u00bb<\/span><\/a><\/p>\n","protected":false},"author":26,"featured_media":0,"parent":0,"menu_order":0,"comment_status":"closed","ping_status":"closed","template":"","meta":{"_acf_changed":false,"inspiro_hide_title":false,"footnotes":""},"class_list":["post-3505","page","type-page","status-publish","hentry"],"acf":[],"_links":{"self":[{"href":"https:\/\/www.u-picardie.fr\/habiterlemonde\/wp-json\/wp\/v2\/pages\/3505","targetHints":{"allow":["GET"]}}],"collection":[{"href":"https:\/\/www.u-picardie.fr\/habiterlemonde\/wp-json\/wp\/v2\/pages"}],"about":[{"href":"https:\/\/www.u-picardie.fr\/habiterlemonde\/wp-json\/wp\/v2\/types\/page"}],"author":[{"embeddable":true,"href":"https:\/\/www.u-picardie.fr\/habiterlemonde\/wp-json\/wp\/v2\/users\/26"}],"replies":[{"embeddable":true,"href":"https:\/\/www.u-picardie.fr\/habiterlemonde\/wp-json\/wp\/v2\/comments?post=3505"}],"version-history":[{"count":0,"href":"https:\/\/www.u-picardie.fr\/habiterlemonde\/wp-json\/wp\/v2\/pages\/3505\/revisions"}],"wp:attachment":[{"href":"https:\/\/www.u-picardie.fr\/habiterlemonde\/wp-json\/wp\/v2\/media?parent=3505"}],"curies":[{"name":"wp","href":"https:\/\/api.w.org\/{rel}","templated":true}]}}