{"id":42,"date":"2021-11-30T15:31:58","date_gmt":"2021-11-30T14:31:58","guid":{"rendered":"https:\/\/www.u-picardie.fr\/crae\/?page_id=42"},"modified":"2024-03-11T11:13:58","modified_gmt":"2024-03-11T10:13:58","slug":"axes","status":"publish","type":"page","link":"https:\/\/www.u-picardie.fr\/crae\/axes\/","title":{"rendered":"Axes de recherche"},"content":{"rendered":"\n<h3 class=\"wp-block-heading\" id=\"l-art-et-ses-discours\"><a href=\"https:\/\/www.u-picardie.fr\/crae\/lart-et-ses-discours\/\">L&rsquo;Art et ses discours<\/a><\/h3>\n\n\n\n<div class=\"wp-block-columns is-layout-flex wp-container-core-columns-is-layout-9d6595d7 wp-block-columns-is-layout-flex\">\n<div class=\"wp-block-column is-layout-flow wp-block-column-is-layout-flow\" style=\"flex-basis:33.33%\">\n<figure class=\"wp-block-image size-large\"><img loading=\"lazy\" decoding=\"async\" width=\"700\" height=\"477\" src=\"https:\/\/www.u-picardie.fr\/crae\/wp-content\/uploads\/2021\/12\/Carrare-1-2018-graphite-sur-papier-75x105-cm.Photographie-Sylvie-Gosselin-copie-700x477.jpg\" alt=\"\" class=\"wp-image-136\" srcset=\"https:\/\/www.u-picardie.fr\/crae\/wp-content\/uploads\/2021\/12\/Carrare-1-2018-graphite-sur-papier-75x105-cm.Photographie-Sylvie-Gosselin-copie-700x477.jpg 700w, https:\/\/www.u-picardie.fr\/crae\/wp-content\/uploads\/2021\/12\/Carrare-1-2018-graphite-sur-papier-75x105-cm.Photographie-Sylvie-Gosselin-copie-250x170.jpg 250w, https:\/\/www.u-picardie.fr\/crae\/wp-content\/uploads\/2021\/12\/Carrare-1-2018-graphite-sur-papier-75x105-cm.Photographie-Sylvie-Gosselin-copie-768x523.jpg 768w, https:\/\/www.u-picardie.fr\/crae\/wp-content\/uploads\/2021\/12\/Carrare-1-2018-graphite-sur-papier-75x105-cm.Photographie-Sylvie-Gosselin-copie-1536x1047.jpg 1536w, https:\/\/www.u-picardie.fr\/crae\/wp-content\/uploads\/2021\/12\/Carrare-1-2018-graphite-sur-papier-75x105-cm.Photographie-Sylvie-Gosselin-copie-2048x1396.jpg 2048w, https:\/\/www.u-picardie.fr\/crae\/wp-content\/uploads\/2021\/12\/Carrare-1-2018-graphite-sur-papier-75x105-cm.Photographie-Sylvie-Gosselin-copie-120x82.jpg 120w\" sizes=\"auto, (max-width: 700px) 100vw, 700px\" \/><\/figure>\n<\/div>\n\n\n\n<div class=\"wp-block-column is-layout-flow wp-block-column-is-layout-flow\" style=\"flex-basis:66.66%\">\n<p>Cet axe se propose d\u2019analyser les \u00e9l\u00e9ments constitutifs et les situations o\u00f9 l\u2019art devient l\u2019objet d\u2019un discours (critique, analyse, th\u00e9orie, histoire, \u00e9dition, exposition\u2026) , mais aussi sa discursivit\u00e9 sp\u00e9cifique, ses moyens d\u2019expression en tant que langage (plastique, litt\u00e9raire, po\u00e9tique\u2026), ses interactions avec son spectateur et ses capacit\u00e9s d\u2019\u00e9lucidation d\u2019un contexte commun.<\/p>\n\n\n\n<p><br>Illustration : \u00a9 St\u00e9phanie Smalbeen<\/p>\n<\/div>\n<\/div>\n\n\n\n<div style=\"height:50px\" aria-hidden=\"true\" class=\"wp-block-spacer\"><\/div>\n\n\n\n<h3 class=\"wp-block-heading\" id=\"outils-et-gestes-de-recherches-et-d-ecritures-ogre\"><a href=\"https:\/\/www.u-picardie.fr\/crae\/ogre-outils-et-gestes-de-recherches-et-decritures\/\">Outils et Gestes de Recherches et d\u2019\u00c9critures \u2014 OGRE<\/a><\/h3>\n\n\n\n<div class=\"wp-block-columns is-layout-flex wp-container-core-columns-is-layout-9d6595d7 wp-block-columns-is-layout-flex\">\n<div class=\"wp-block-column is-layout-flow wp-block-column-is-layout-flow\" style=\"flex-basis:33.33%\">\n<figure class=\"wp-block-image size-large\"><img loading=\"lazy\" decoding=\"async\" width=\"700\" height=\"394\" src=\"https:\/\/www.u-picardie.fr\/crae\/wp-content\/uploads\/2021\/12\/infini-700x394.png\" alt=\"\" class=\"wp-image-144\" srcset=\"https:\/\/www.u-picardie.fr\/crae\/wp-content\/uploads\/2021\/12\/infini-700x394.png 700w, https:\/\/www.u-picardie.fr\/crae\/wp-content\/uploads\/2021\/12\/infini-250x141.png 250w, https:\/\/www.u-picardie.fr\/crae\/wp-content\/uploads\/2021\/12\/infini-768x432.png 768w, https:\/\/www.u-picardie.fr\/crae\/wp-content\/uploads\/2021\/12\/infini-1536x864.png 1536w, https:\/\/www.u-picardie.fr\/crae\/wp-content\/uploads\/2021\/12\/infini-120x68.png 120w, https:\/\/www.u-picardie.fr\/crae\/wp-content\/uploads\/2021\/12\/infini.png 1920w\" sizes=\"auto, (max-width: 700px) 100vw, 700px\" \/><\/figure>\n<\/div>\n\n\n\n<div class=\"wp-block-column is-layout-flow wp-block-column-is-layout-flow\" style=\"flex-basis:66.66%\">\n<p>L\u2019axe OGRE anime une recherche performative : ses chercheurs.euses op\u00e8rent des d\u00e9placements, les suscitent par des \u00e9v\u00e9nements scientifiques exp\u00e9rimentaux et des protocoles singuliers. Ils observent et analysent les effets des multiples manifestations du geste.<\/p>\n<\/div>\n<\/div>\n\n\n\n<div style=\"height:50px\" aria-hidden=\"true\" class=\"wp-block-spacer\"><\/div>\n\n\n\n<h3 class=\"wp-block-heading\" id=\"arts-et-territoires\"><a href=\"https:\/\/www.u-picardie.fr\/crae\/arts-et-territoires\/\">Arts et territoires<\/a><\/h3>\n\n\n\n<div class=\"wp-block-columns is-layout-flex wp-container-core-columns-is-layout-9d6595d7 wp-block-columns-is-layout-flex\">\n<div class=\"wp-block-column is-layout-flow wp-block-column-is-layout-flow\" style=\"flex-basis:33.33%\">\n<figure class=\"wp-block-image size-large\"><img loading=\"lazy\" decoding=\"async\" width=\"700\" height=\"492\" src=\"https:\/\/www.u-picardie.fr\/crae\/wp-content\/uploads\/2021\/12\/Smalbeen-Jusqu_ou-l_on-peut-ne-pas-voir-2019--700x492.jpg\" alt=\"\" class=\"wp-image-140\" srcset=\"https:\/\/www.u-picardie.fr\/crae\/wp-content\/uploads\/2021\/12\/Smalbeen-Jusqu_ou-l_on-peut-ne-pas-voir-2019--700x492.jpg 700w, https:\/\/www.u-picardie.fr\/crae\/wp-content\/uploads\/2021\/12\/Smalbeen-Jusqu_ou-l_on-peut-ne-pas-voir-2019--250x176.jpg 250w, https:\/\/www.u-picardie.fr\/crae\/wp-content\/uploads\/2021\/12\/Smalbeen-Jusqu_ou-l_on-peut-ne-pas-voir-2019--768x539.jpg 768w, https:\/\/www.u-picardie.fr\/crae\/wp-content\/uploads\/2021\/12\/Smalbeen-Jusqu_ou-l_on-peut-ne-pas-voir-2019--1536x1079.jpg 1536w, https:\/\/www.u-picardie.fr\/crae\/wp-content\/uploads\/2021\/12\/Smalbeen-Jusqu_ou-l_on-peut-ne-pas-voir-2019--2048x1439.jpg 2048w, https:\/\/www.u-picardie.fr\/crae\/wp-content\/uploads\/2021\/12\/Smalbeen-Jusqu_ou-l_on-peut-ne-pas-voir-2019--120x84.jpg 120w\" sizes=\"auto, (max-width: 700px) 100vw, 700px\" \/><\/figure>\n<\/div>\n\n\n\n<div class=\"wp-block-column is-layout-flow wp-block-column-is-layout-flow\" style=\"flex-basis:66.66%\">\n<p>Cet axe propose une r\u00e9flexion sur les conditions de productions des imaginaires en lien avec la question des territoires. Les approches artistiques, architecturales, politiques, sociales et m\u00e9morielles discutent \u00e9galement de l\u2019h\u00e9ritage des modernes et des modernismes tout en int\u00e9grant des enjeux coloniaux et d\u00e9\/post\/coloniaux.<br><br>Illustration : \u00a9 St\u00e9phanie Smalbeen<\/p>\n<\/div>\n<\/div>\n\n\n\n<div style=\"height:50px\" aria-hidden=\"true\" class=\"wp-block-spacer\"><\/div>\n\n\n\n<h3 class=\"wp-block-heading\" id=\"temporalite-lumiere-mouvement\"><a href=\"https:\/\/www.u-picardie.fr\/crae\/temporalite-lumiere-mouvement\/\">Temporalit\u00e9, lumi\u00e8re, mouvement<\/a><\/h3>\n\n\n\n<div class=\"wp-block-columns is-layout-flex wp-container-core-columns-is-layout-9d6595d7 wp-block-columns-is-layout-flex\">\n<div class=\"wp-block-column is-layout-flow wp-block-column-is-layout-flow\" style=\"flex-basis:33.33%\">\n<figure class=\"wp-block-image size-large\"><img loading=\"lazy\" decoding=\"async\" width=\"700\" height=\"394\" src=\"https:\/\/www.u-picardie.fr\/crae\/wp-content\/uploads\/2021\/12\/Fabien-Lerat-monga-house-2017-Taipei-Taiwan-2-700x394.jpg\" alt=\"\" class=\"wp-image-147\" srcset=\"https:\/\/www.u-picardie.fr\/crae\/wp-content\/uploads\/2021\/12\/Fabien-Lerat-monga-house-2017-Taipei-Taiwan-2-700x394.jpg 700w, https:\/\/www.u-picardie.fr\/crae\/wp-content\/uploads\/2021\/12\/Fabien-Lerat-monga-house-2017-Taipei-Taiwan-2-250x141.jpg 250w, https:\/\/www.u-picardie.fr\/crae\/wp-content\/uploads\/2021\/12\/Fabien-Lerat-monga-house-2017-Taipei-Taiwan-2-768x432.jpg 768w, https:\/\/www.u-picardie.fr\/crae\/wp-content\/uploads\/2021\/12\/Fabien-Lerat-monga-house-2017-Taipei-Taiwan-2-120x68.jpg 120w, https:\/\/www.u-picardie.fr\/crae\/wp-content\/uploads\/2021\/12\/Fabien-Lerat-monga-house-2017-Taipei-Taiwan-2.jpg 1280w\" sizes=\"auto, (max-width: 700px) 100vw, 700px\" \/><\/figure>\n<\/div>\n\n\n\n<div class=\"wp-block-column is-layout-flow wp-block-column-is-layout-flow\" style=\"flex-basis:66.66%\">\n<p>La perspective globale de cet axe est de s\u2019int\u00e9resser autant \u00e0 l\u2019\u0153uvre qu\u2019\u00e0 sa r\u00e9alisation selon une approche po\u00ef\u00e9tique et g\u00e9n\u00e9tique, plus particuli\u00e8rement en rapport avec les questions que soul\u00e8vent la temporalit\u00e9, la lumi\u00e8re, le mouvement et leurs interrelations. <br><br>Illustration : \u00a9 Fabien Lerat<\/p>\n<\/div>\n<\/div>\n\n\n\n<div style=\"height:100px\" aria-hidden=\"true\" class=\"wp-block-spacer\"><\/div>\n","protected":false},"excerpt":{"rendered":"L&rsquo;Art et ses discours Cet axe se propose d\u2019analyser les \u00e9l\u00e9ments constitutifs et les situations o\u00f9 l\u2019art devient l\u2019objet d\u2019un discours (critique, analyse, th\u00e9orie, histoire, \u00e9dition, exposition\u2026) , mais aussi&#8230; <a class=\"view-article\" href=\"https:\/\/www.u-picardie.fr\/crae\/axes\/\">Voir l&rsquo;article<\/a>","protected":false},"author":8,"featured_media":0,"parent":0,"menu_order":0,"comment_status":"closed","ping_status":"closed","template":"","meta":{"_EventAllDay":false,"_EventTimezone":"","_EventStartDate":"","_EventEndDate":"","_EventStartDateUTC":"","_EventEndDateUTC":"","_EventShowMap":false,"_EventShowMapLink":false,"_EventURL":"","_EventCost":"","_EventCostDescription":"","_EventCurrencySymbol":"","_EventCurrencyCode":"","_EventCurrencyPosition":"","_EventDateTimeSeparator":"","_EventTimeRangeSeparator":"","_EventOrganizerID":[],"_EventVenueID":[],"_OrganizerEmail":"","_OrganizerPhone":"","_OrganizerWebsite":"","_VenueAddress":"","_VenueCity":"","_VenueCountry":"","_VenueProvince":"","_VenueState":"","_VenueZip":"","_VenuePhone":"","_VenueURL":"","_VenueStateProvince":"","_VenueLat":"","_VenueLng":"","_VenueShowMap":false,"_VenueShowMapLink":false,"footnotes":""},"class_list":["post-42","page","type-page","status-publish","hentry"],"_links":{"self":[{"href":"https:\/\/www.u-picardie.fr\/crae\/wp-json\/wp\/v2\/pages\/42","targetHints":{"allow":["GET"]}}],"collection":[{"href":"https:\/\/www.u-picardie.fr\/crae\/wp-json\/wp\/v2\/pages"}],"about":[{"href":"https:\/\/www.u-picardie.fr\/crae\/wp-json\/wp\/v2\/types\/page"}],"author":[{"embeddable":true,"href":"https:\/\/www.u-picardie.fr\/crae\/wp-json\/wp\/v2\/users\/8"}],"replies":[{"embeddable":true,"href":"https:\/\/www.u-picardie.fr\/crae\/wp-json\/wp\/v2\/comments?post=42"}],"version-history":[{"count":22,"href":"https:\/\/www.u-picardie.fr\/crae\/wp-json\/wp\/v2\/pages\/42\/revisions"}],"predecessor-version":[{"id":1737,"href":"https:\/\/www.u-picardie.fr\/crae\/wp-json\/wp\/v2\/pages\/42\/revisions\/1737"}],"wp:attachment":[{"href":"https:\/\/www.u-picardie.fr\/crae\/wp-json\/wp\/v2\/media?parent=42"}],"curies":[{"name":"wp","href":"https:\/\/api.w.org\/{rel}","templated":true}]}}