{"id":29,"date":"2021-11-23T17:17:14","date_gmt":"2021-11-23T16:17:14","guid":{"rendered":"https:\/\/www.u-picardie.fr\/crae\/?page_id=29"},"modified":"2024-03-12T18:04:34","modified_gmt":"2024-03-12T17:04:34","slug":"temporalite-lumiere-mouvement","status":"publish","type":"page","link":"https:\/\/www.u-picardie.fr\/crae\/temporalite-lumiere-mouvement\/","title":{"rendered":"Temporalit\u00e9, lumi\u00e8re, mouvement"},"content":{"rendered":"\n<p>La perspective globale de cet axe est de s\u2019int\u00e9resser autant \u00e0 l\u2019\u0153uvre qu\u2019\u00e0 sa r\u00e9alisation selon une approche po\u00ef\u00e9tique et g\u00e9n\u00e9tique, plus particuli\u00e8rement en rapport avec les questions que soul\u00e8vent la temporalit\u00e9, la lumi\u00e8re, le mouvement et leurs interrelations.<br>Cet axe prend acte de l\u2019\u00e9volution des pratiques artistiques vers un d\u00e9passement et un d\u00e9cloisonnement des formes traditionnelles d\u2019expression. Il s\u2019int\u00e9resse ainsi \u00e0 tout ce qui traverse, d\u00e9borde, outrepasse les genres et les m\u00e9diums habituels. S\u2019appuyant sur la porosit\u00e9 des fronti\u00e8res entre les arts, il permet aussi d\u2019envisager des projets transversaux.<br>Temporalit\u00e9, lumi\u00e8re et mouvement sont d\u00e8s lors envisag\u00e9s comme les moyens de la transversalit\u00e9, incontournables aussi bien dans la pratique th\u00e9\u00e2trale que dans la performance, les installations, la sculpture, le dessin, la peinture, le documentaire, le cin\u00e9ma d\u2019animation, le cin\u00e9ma exp\u00e9rimental, les arts visuels et sonores, etc. Ils permettent de r\u00e9interroger la place de la sensorialit\u00e9, de la ph\u00e9nom\u00e9nalit\u00e9 et de la participation dans l\u2019\u00e9criture et la r\u00e9alisation de productions qui rel\u00e8vent souvent des arts de l\u2019\u00e9ph\u00e9m\u00e8re. A ce titre, ils repr\u00e9sentent des voies privil\u00e9gi\u00e9es pour l\u2019\u00e9tude des questions de captation, d\u2019\u00e9criture, de notation et de trace, afin de saisir les processus \u00e0 l\u2019\u0153uvre dans ces formes de cr\u00e9ation et leurs enjeux plus vastes sur les plans \u00e0 la fois esth\u00e9tiques, soci\u00e9taux et politiques.<\/p>\n\n\n\n<p>Responsables\u00a0de l&rsquo;axe : Federico Pierotti et \u00c9lisabeth Piot<br>Membres de l&rsquo;axe\u00a0: Charlotte Beaufort, Agn\u00e8s de Cayeux, Emma Dusong, Christopher Kordun, Jessica Lajard, Fabien Lerat, Federico Pierotti, \u00c9lisabeth Piot, Marine Sch\u00fctz, St\u00e9phanie Smalbeen, Ghislaine Vappereau, Justin Wadlow<\/p>\n","protected":false},"excerpt":{"rendered":"La perspective globale de cet axe est de s\u2019int\u00e9resser autant \u00e0 l\u2019\u0153uvre qu\u2019\u00e0 sa r\u00e9alisation selon une approche po\u00ef\u00e9tique et g\u00e9n\u00e9tique, plus particuli\u00e8rement en rapport avec les questions que soul\u00e8vent&#8230; <a class=\"view-article\" href=\"https:\/\/www.u-picardie.fr\/crae\/temporalite-lumiere-mouvement\/\">Voir l&rsquo;article<\/a>","protected":false},"author":8,"featured_media":147,"parent":0,"menu_order":0,"comment_status":"closed","ping_status":"closed","template":"page-template\/custom-temporalite.php","meta":{"_EventAllDay":false,"_EventTimezone":"","_EventStartDate":"","_EventEndDate":"","_EventStartDateUTC":"","_EventEndDateUTC":"","_EventShowMap":false,"_EventShowMapLink":false,"_EventURL":"","_EventCost":"","_EventCostDescription":"","_EventCurrencySymbol":"","_EventCurrencyCode":"","_EventCurrencyPosition":"","_EventDateTimeSeparator":"","_EventTimeRangeSeparator":"","_EventOrganizerID":[],"_EventVenueID":[],"_OrganizerEmail":"","_OrganizerPhone":"","_OrganizerWebsite":"","_VenueAddress":"","_VenueCity":"","_VenueCountry":"","_VenueProvince":"","_VenueState":"","_VenueZip":"","_VenuePhone":"","_VenueURL":"","_VenueStateProvince":"","_VenueLat":"","_VenueLng":"","_VenueShowMap":false,"_VenueShowMapLink":false,"footnotes":""},"class_list":["post-29","page","type-page","status-publish","has-post-thumbnail","hentry"],"_links":{"self":[{"href":"https:\/\/www.u-picardie.fr\/crae\/wp-json\/wp\/v2\/pages\/29","targetHints":{"allow":["GET"]}}],"collection":[{"href":"https:\/\/www.u-picardie.fr\/crae\/wp-json\/wp\/v2\/pages"}],"about":[{"href":"https:\/\/www.u-picardie.fr\/crae\/wp-json\/wp\/v2\/types\/page"}],"author":[{"embeddable":true,"href":"https:\/\/www.u-picardie.fr\/crae\/wp-json\/wp\/v2\/users\/8"}],"replies":[{"embeddable":true,"href":"https:\/\/www.u-picardie.fr\/crae\/wp-json\/wp\/v2\/comments?post=29"}],"version-history":[{"count":11,"href":"https:\/\/www.u-picardie.fr\/crae\/wp-json\/wp\/v2\/pages\/29\/revisions"}],"predecessor-version":[{"id":1751,"href":"https:\/\/www.u-picardie.fr\/crae\/wp-json\/wp\/v2\/pages\/29\/revisions\/1751"}],"wp:featuredmedia":[{"embeddable":true,"href":"https:\/\/www.u-picardie.fr\/crae\/wp-json\/wp\/v2\/media\/147"}],"wp:attachment":[{"href":"https:\/\/www.u-picardie.fr\/crae\/wp-json\/wp\/v2\/media?parent=29"}],"curies":[{"name":"wp","href":"https:\/\/api.w.org\/{rel}","templated":true}]}}