{"id":27,"date":"2021-11-23T17:16:50","date_gmt":"2021-11-23T16:16:50","guid":{"rendered":"https:\/\/www.u-picardie.fr\/crae\/?page_id=27"},"modified":"2023-02-23T17:04:35","modified_gmt":"2023-02-23T16:04:35","slug":"arts-et-territoires","status":"publish","type":"page","link":"https:\/\/www.u-picardie.fr\/crae\/arts-et-territoires\/","title":{"rendered":"Arts et territoires"},"content":{"rendered":"\n<div class=\"wp-block-columns is-layout-flex wp-container-core-columns-is-layout-9d6595d7 wp-block-columns-is-layout-flex\">\n<div class=\"wp-block-column is-layout-flow wp-block-column-is-layout-flow\">\n<p>Cet axe propose une r\u00e9flexion sur les conditions de productions des imaginaires en lien avec la question des territoires. Les approches artistiques, architecturales, politiques, sociales et m\u00e9morielles discutent \u00e9galement de l\u2019h\u00e9ritage des modernes et des modernismes tout en int\u00e9grant des enjeux coloniaux et d\u00e9\/post\/coloniaux.<\/p>\n\n\n\n<p> <strong>Les petites \u00e9chelles<\/strong><\/p>\n\n\n\n<p>Devant la n\u00e9cessit\u00e9 de repenser le monde de mani\u00e8re nouvelle, au lendemain de la stupeur mondiale du confinement et \u00e0 la veille de la catastrophe \u00e9cologique annonc\u00e9e, nous proposons de nous int\u00e9resser aux initiatives artistiques \u00e0 petite \u00e9chelle. Dans des territoires parall\u00e8les aux circuits culturels mondiaux institu\u00e9s, depuis les quartiers des m\u00e9galopoles de pays encore consid\u00e9r\u00e9s comme \u00ab \u00e9mergeants \u00bb, dans des villages africains ou \u00e0 la porte de la for\u00eat amazonienne, les dogmes modernes occidentaux font depuis longtemps l\u2019objet de bricolages, de r\u00e9appropriations, de d\u00e9tournements.<\/p>\n<\/div>\n\n\n\n<div class=\"wp-block-column is-layout-flow wp-block-column-is-layout-flow\">\n<p>La communaut\u00e9, l\u2019espace domestique, le quartier, les amis, les activit\u00e9s sociales, le r\u00e9seau, participent \u00e0 des strat\u00e9gies artistiques qui indiquent peut-\u00eatre des mani\u00e8res possibles de penser un art \u00ab d\u00e9croissant \u00bb. Poursuivant certaines des r\u00e9flexions engag\u00e9es depuis plusieurs ann\u00e9es, l\u2019axe 3 \u00ab Arts territoires \u00bb propose de les actualiser au regard de situations toujours plus extr\u00eames. Si la notion de \u00ab folklore plan\u00e9taire \u00bb d\u00e9velopp\u00e9e par Victor Vasarely semblait il y a peu de temps encore la plus stimulante et la plus actuelle pour qualifier l\u2019\u00e9tonnante capacit\u00e9 du \u00ab moderne \u00bb \u00e0 se r\u00e9pandre par hybridation \u2013 \u00e0 muter en quelque sorte comme le ferait un virus \u2013, qu\u2019en est-il aujourd\u2019hui ? L\u2019architecture, les arts plastiques et les arts de la sc\u00e8ne ont d\u2019ores et d\u00e9j\u00e0 engag\u00e9 un mouvement vers l\u2019\u00e9conomie de moyens, la r\u00e9duction des d\u00e9penses (mat\u00e9riaux, transport, etc.) et des \u00e9chelles.<\/p>\n<\/div>\n<\/div>\n\n\n\n<p>Responsables de l&rsquo;axe : Androula Michael et Marine Sch\u00fctz<br>Membres de l&rsquo;axe : Anne Buno, Fabien Danesi, Philippe Fauvel, Fabien Lerat, Lise Lerichomme, Androula Michael, Marie Pierre-Bouthier, Guillaume Pin\u00e7on, Marine Sch\u00fctz, Simon Texier, Eric Valette<\/p>\n","protected":false},"excerpt":{"rendered":"Cet axe propose une r\u00e9flexion sur les conditions de productions des imaginaires en lien avec la question des territoires. Les approches artistiques, architecturales, politiques, sociales et m\u00e9morielles discutent \u00e9galement de&#8230; <a class=\"view-article\" href=\"https:\/\/www.u-picardie.fr\/crae\/arts-et-territoires\/\">Voir l&rsquo;article<\/a>","protected":false},"author":8,"featured_media":136,"parent":0,"menu_order":0,"comment_status":"closed","ping_status":"closed","template":"page-template\/custom-artetterritoires.php","meta":{"_EventAllDay":false,"_EventTimezone":"","_EventStartDate":"","_EventEndDate":"","_EventStartDateUTC":"","_EventEndDateUTC":"","_EventShowMap":false,"_EventShowMapLink":false,"_EventURL":"","_EventCost":"","_EventCostDescription":"","_EventCurrencySymbol":"","_EventCurrencyCode":"","_EventCurrencyPosition":"","_EventDateTimeSeparator":"","_EventTimeRangeSeparator":"","_EventOrganizerID":[],"_EventVenueID":[],"_OrganizerEmail":"","_OrganizerPhone":"","_OrganizerWebsite":"","_VenueAddress":"","_VenueCity":"","_VenueCountry":"","_VenueProvince":"","_VenueState":"","_VenueZip":"","_VenuePhone":"","_VenueURL":"","_VenueStateProvince":"","_VenueLat":"","_VenueLng":"","_VenueShowMap":false,"_VenueShowMapLink":false,"footnotes":""},"class_list":["post-27","page","type-page","status-publish","has-post-thumbnail","hentry"],"_links":{"self":[{"href":"https:\/\/www.u-picardie.fr\/crae\/wp-json\/wp\/v2\/pages\/27","targetHints":{"allow":["GET"]}}],"collection":[{"href":"https:\/\/www.u-picardie.fr\/crae\/wp-json\/wp\/v2\/pages"}],"about":[{"href":"https:\/\/www.u-picardie.fr\/crae\/wp-json\/wp\/v2\/types\/page"}],"author":[{"embeddable":true,"href":"https:\/\/www.u-picardie.fr\/crae\/wp-json\/wp\/v2\/users\/8"}],"replies":[{"embeddable":true,"href":"https:\/\/www.u-picardie.fr\/crae\/wp-json\/wp\/v2\/comments?post=27"}],"version-history":[{"count":13,"href":"https:\/\/www.u-picardie.fr\/crae\/wp-json\/wp\/v2\/pages\/27\/revisions"}],"predecessor-version":[{"id":1200,"href":"https:\/\/www.u-picardie.fr\/crae\/wp-json\/wp\/v2\/pages\/27\/revisions\/1200"}],"wp:featuredmedia":[{"embeddable":true,"href":"https:\/\/www.u-picardie.fr\/crae\/wp-json\/wp\/v2\/media\/136"}],"wp:attachment":[{"href":"https:\/\/www.u-picardie.fr\/crae\/wp-json\/wp\/v2\/media?parent=27"}],"curies":[{"name":"wp","href":"https:\/\/api.w.org\/{rel}","templated":true}]}}