{"id":23,"date":"2021-11-23T17:15:43","date_gmt":"2021-11-23T16:15:43","guid":{"rendered":"https:\/\/www.u-picardie.fr\/crae\/?page_id=23"},"modified":"2024-03-11T11:12:53","modified_gmt":"2024-03-11T10:12:53","slug":"lart-et-ses-discours","status":"publish","type":"page","link":"https:\/\/www.u-picardie.fr\/crae\/lart-et-ses-discours\/","title":{"rendered":"L&rsquo;Art et ses discours"},"content":{"rendered":"\n<div class=\"wp-block-columns is-layout-flex wp-container-core-columns-is-layout-9d6595d7 wp-block-columns-is-layout-flex\">\n<div class=\"wp-block-column is-layout-flow wp-block-column-is-layout-flow\">\n<p>L\u2019art recouvre un champ de pratiques et de r\u00e9flexions dont les d\u00e9clinaisons discursives traversent l\u2019histoire de l\u2019art, la philosophie de l\u2019art, les \u00e9crits d\u2019artistes, la critique, mais aussi les modes d\u2019\u00e9dition et d\u2019exposition des \u0153uvres. Cet axe se propose d\u2019interroger la discursivit\u00e9 sp\u00e9cifique des \u0153uvres autant que la mani\u00e8re dont celles-ci ont fait l\u2019objet de discours, de modes d\u2019\u00e9tudes et d\u2019expositions \u2013 en essayant de mettre au jour leurs diff\u00e9rentes interactions.\u00a0<\/p>\n<\/div>\n\n\n\n<div class=\"wp-block-column is-layout-flow wp-block-column-is-layout-flow\">\n<p>Les chercheurs de cet axe, issus des champs de l\u2019histoire de l\u2019art, de la philosophie de l\u2019art et d\u2019\u00e9tude des \u00e9crits suscit\u00e9s, invent\u00e9s ou r\u00e9\u00e9labor\u00e9s par les arts, m\u00e8nent leur recherche dans les trois dimensions suivantes&nbsp;:<\/p>\n\n\n\n<ol class=\"wp-block-list\">\n<li>Celle de l\u2019histoire de l\u2019art dans son acception la plus large, mobilisant et croisant les outils traditionnels d\u2019analyse et les renouvellements m\u00e9thodologiques \u00e0 l\u2019\u0153uvre depuis une vingtaine d\u2019ann\u00e9es (<em>gender studies, visual studies<\/em>, \u00e9tudes post-coloniales etc.), ouvrant \u00e0 une diversification des objets d\u2019\u00e9tude autant qu\u2019\u00e0 nourrir de nouveaux discours et modes d\u2019interrogation des \u0153uvres.<\/li>\n\n\n\n<li>Celle de l\u2019\u00e9pist\u00e9mologie de l\u2019art, analyse des diff\u00e9rentes modalit\u00e9s de discours qui peuvent \u00eatre tenus \u00e0 son sujet, mais aussi des interrogations sur l\u2019exposition et la mise en situation des \u0153uvres. L\u2019\u00e9tude de l\u2019histoire, de la th\u00e9orie et de la critique d\u2019art, comme acte de cr\u00e9ation singulier ou collectif (au sein de groupes et de lieux de publication), ancr\u00e9 dans une \u00e9poque et des pratiques sp\u00e9cifiques d\u2019analyse, d\u2019\u00e9criture et de jugement sur les \u0153uvres \u2013 notamment autour du lieu de la revue comme production pluridisciplinaire de discours et cr\u00e9ations visuelles, un projet de recherches r\u00e9unissant tous les membres de l\u2019axe. L\u2019\u00e9tude des \u00e9crits d\u2019artistes, comme lieu de production combin\u00e9 d\u2019une discursivit\u00e9 de l&rsquo;\u0153uvre et de celle de son auteur.rice.&nbsp;<\/li>\n\n\n\n<li>L\u2019art comme discours, \u00e0 travers les modes d\u2019expression qu\u2019il mobilise et r\u00e9invente, traduisant et transformant ses objets, manifestant le vouloir-faire autant que le savoir-dire de ses auteur.ices, en interaction avec une \u00e9poque et des pratiques artistiques sp\u00e9cifiques. L\u2019art comme invention de langages et r\u00e9flexion sur le langage, engageant de nouvelles mani\u00e8res de percevoir, d\u2019\u00e9changer et d\u2019\u00e9couter.<\/li>\n<\/ol>\n<\/div>\n<\/div>\n\n\n\n<p>Responsables de l&rsquo;axe\u00a0: Pierre Eug\u00e8ne et Nicholas-Henri Zmelty<br>Membres de l&rsquo;axe\u00a0: Sally Bonn, Anna Buno, V\u00e9ronique Dalmasso, Pierre Eug\u00e8ne, Philippe Fauvel, Lorenzo Vinciguerra, Nicholas-Henri Zmelty<\/p>\n","protected":false},"excerpt":{"rendered":"L\u2019art recouvre un champ de pratiques et de r\u00e9flexions dont les d\u00e9clinaisons discursives traversent l\u2019histoire de l\u2019art, la philosophie de l\u2019art, les \u00e9crits d\u2019artistes, la critique, mais aussi les modes&#8230; <a class=\"view-article\" href=\"https:\/\/www.u-picardie.fr\/crae\/lart-et-ses-discours\/\">Voir l&rsquo;article<\/a>","protected":false},"author":8,"featured_media":140,"parent":0,"menu_order":0,"comment_status":"closed","ping_status":"closed","template":"page-template\/custom-artetdiscours.php","meta":{"_EventAllDay":false,"_EventTimezone":"","_EventStartDate":"","_EventEndDate":"","_EventStartDateUTC":"","_EventEndDateUTC":"","_EventShowMap":false,"_EventShowMapLink":false,"_EventURL":"","_EventCost":"","_EventCostDescription":"","_EventCurrencySymbol":"","_EventCurrencyCode":"","_EventCurrencyPosition":"","_EventDateTimeSeparator":"","_EventTimeRangeSeparator":"","_EventOrganizerID":[],"_EventVenueID":[],"_OrganizerEmail":"","_OrganizerPhone":"","_OrganizerWebsite":"","_VenueAddress":"","_VenueCity":"","_VenueCountry":"","_VenueProvince":"","_VenueState":"","_VenueZip":"","_VenuePhone":"","_VenueURL":"","_VenueStateProvince":"","_VenueLat":"","_VenueLng":"","_VenueShowMap":false,"_VenueShowMapLink":false,"footnotes":""},"class_list":["post-23","page","type-page","status-publish","has-post-thumbnail","hentry"],"_links":{"self":[{"href":"https:\/\/www.u-picardie.fr\/crae\/wp-json\/wp\/v2\/pages\/23","targetHints":{"allow":["GET"]}}],"collection":[{"href":"https:\/\/www.u-picardie.fr\/crae\/wp-json\/wp\/v2\/pages"}],"about":[{"href":"https:\/\/www.u-picardie.fr\/crae\/wp-json\/wp\/v2\/types\/page"}],"author":[{"embeddable":true,"href":"https:\/\/www.u-picardie.fr\/crae\/wp-json\/wp\/v2\/users\/8"}],"replies":[{"embeddable":true,"href":"https:\/\/www.u-picardie.fr\/crae\/wp-json\/wp\/v2\/comments?post=23"}],"version-history":[{"count":15,"href":"https:\/\/www.u-picardie.fr\/crae\/wp-json\/wp\/v2\/pages\/23\/revisions"}],"predecessor-version":[{"id":1736,"href":"https:\/\/www.u-picardie.fr\/crae\/wp-json\/wp\/v2\/pages\/23\/revisions\/1736"}],"wp:featuredmedia":[{"embeddable":true,"href":"https:\/\/www.u-picardie.fr\/crae\/wp-json\/wp\/v2\/media\/140"}],"wp:attachment":[{"href":"https:\/\/www.u-picardie.fr\/crae\/wp-json\/wp\/v2\/media?parent=23"}],"curies":[{"name":"wp","href":"https:\/\/api.w.org\/{rel}","templated":true}]}}