{"id":22,"date":"2021-02-11T16:01:18","date_gmt":"2021-02-11T15:01:18","guid":{"rendered":"https:\/\/www.u-picardie.fr\/colloqueobjet2019\/?page_id=22"},"modified":"2024-01-24T16:37:37","modified_gmt":"2024-01-24T15:37:37","slug":"pour-aller-plus-loin","status":"publish","type":"page","link":"https:\/\/www.u-picardie.fr\/colloqueobjet2019\/pour-aller-plus-loin\/","title":{"rendered":"Pr\u00e9sentation du colloque"},"content":{"rendered":"\n<p><strong>Colloque <\/strong><em><strong>\u00ab&nbsp;Objets pour apprendre, objets \u00e0 apprendre&nbsp;:<\/strong><\/em> <em><strong>quelles pratiques enseignantes pour quels enjeux&nbsp;?&nbsp;\u00bb<\/strong><\/em><\/p>\n\n\n\n<p><em><strong>Amiens&nbsp;: 11-12 juin 2019<\/strong><\/em><\/p>\n\n\n\n<p>Le colloque<em> Objets pour apprendre, objets \u00e0 apprendre. Quelles pratiques enseignantes pour quels enjeux&nbsp;? <\/em>organis\u00e9 par le Centre Ami\u00e9nois de Recherche en \u00c9ducation et Formation (CAREF) de l\u2019Universit\u00e9 de Picardie Jules Verne a eu lieu \u00e0 Amiens (France), les 11 et 12 juin 2019.<\/p>\n\n\n\n<p>Il a prolong\u00e9 et approfondi une journ\u00e9e qui s\u2019\u00e9tait d\u00e9roul\u00e9e le 10 d\u00e9cembre 2014 \u00e0 Amiens sur le m\u00eame th\u00e8me.<\/p>\n\n\n\n<p>Son objectif \u00e9tait d\u2019interroger la place et le r\u00f4le des objets au sein des pratiques enseignantes, de la maternelle \u00e0 l\u2019universit\u00e9, en France et dans d\u2019autres contextes nationaux. Le colloque a permis la rencontre de chercheurs, de praticiens et de formateurs d\u2019enseignants s\u2019int\u00e9ressant \u00e0 diff\u00e9rents domaines et niveaux d\u2019enseignement. Son comit\u00e9 scientifique a expertis\u00e9 68 propositions \u00e9manant de chercheurs de 9 pays diff\u00e9rents\u00a0; 45 ont \u00e9t\u00e9 retenues pour \u00eatre pr\u00e9sent\u00e9es dans les ateliers. Le colloque a r\u00e9uni une centaine de participants.<\/p>\n","protected":false},"excerpt":{"rendered":"<p>Colloque \u00ab&nbsp;Objets pour apprendre, objets \u00e0 apprendre&nbsp;: quelles pratiques enseignantes pour quels enjeux&nbsp;?&nbsp;\u00bb Amiens&nbsp;: 11-12 juin 2019 Le colloque Objets pour apprendre, objets \u00e0 apprendre. Quelles pratiques enseignantes pour quels&#8230; <a href=\"https:\/\/www.u-picardie.fr\/colloqueobjet2019\/pour-aller-plus-loin\/\">Read more &raquo;<\/a><\/p>\n","protected":false},"author":1,"featured_media":0,"parent":0,"menu_order":0,"comment_status":"closed","ping_status":"closed","template":"page-templates\/full-width.php","meta":{"_editorskit_title_hidden":false,"_editorskit_reading_time":0,"_editorskit_is_block_options_detached":false,"_editorskit_block_options_position":"{}","footnotes":""},"_links":{"self":[{"href":"https:\/\/www.u-picardie.fr\/colloqueobjet2019\/wp-json\/wp\/v2\/pages\/22"}],"collection":[{"href":"https:\/\/www.u-picardie.fr\/colloqueobjet2019\/wp-json\/wp\/v2\/pages"}],"about":[{"href":"https:\/\/www.u-picardie.fr\/colloqueobjet2019\/wp-json\/wp\/v2\/types\/page"}],"author":[{"embeddable":true,"href":"https:\/\/www.u-picardie.fr\/colloqueobjet2019\/wp-json\/wp\/v2\/users\/1"}],"replies":[{"embeddable":true,"href":"https:\/\/www.u-picardie.fr\/colloqueobjet2019\/wp-json\/wp\/v2\/comments?post=22"}],"version-history":[{"count":25,"href":"https:\/\/www.u-picardie.fr\/colloqueobjet2019\/wp-json\/wp\/v2\/pages\/22\/revisions"}],"predecessor-version":[{"id":500,"href":"https:\/\/www.u-picardie.fr\/colloqueobjet2019\/wp-json\/wp\/v2\/pages\/22\/revisions\/500"}],"wp:attachment":[{"href":"https:\/\/www.u-picardie.fr\/colloqueobjet2019\/wp-json\/wp\/v2\/media?parent=22"}],"curies":[{"name":"wp","href":"https:\/\/api.w.org\/{rel}","templated":true}]}}