{"id":133,"date":"2022-09-07T11:41:10","date_gmt":"2022-09-07T09:41:10","guid":{"rendered":"https:\/\/www.u-picardie.fr\/colloqueobjet2019\/?page_id=133"},"modified":"2024-01-24T17:41:18","modified_gmt":"2024-01-24T16:41:18","slug":"atelier-d-facettes-dun-meme-objet","status":"publish","type":"page","link":"https:\/\/www.u-picardie.fr\/colloqueobjet2019\/ateliers\/atelier-d-facettes-dun-meme-objet\/","title":{"rendered":"Atelier D : Facettes d&rsquo;un m\u00eame objet"},"content":{"rendered":"\n<p>Points de vue et regards sur un ou plusieurs objets questionnent aussi bien leur r\u00e9ception par les \u00e9l\u00e8ves que les pratiques p\u00e9dagogiques concern\u00e9es. La chaise entre usage quotidien et production artistique, apprendre les sciences \u00e0 partir de litt\u00e9rature de jeunesse, la branche de chocolat objet complexe, la chanson support d\u2019apprentissages temporels, fleurs et fruits des exemples vari\u00e9s pour construire des concepts. Ces objets abord\u00e9s sous des angles diff\u00e9rents font voler en \u00e9clats les d\u00e9coupages disciplinaires traditionnels et peuvent \u00eatre facteurs de blocages ou d\u2019incompr\u00e9hension pour les \u00e9l\u00e8ves ou les \u00e9tudiants.<\/p>\n\n\n\n<p>Voici ci-dessous les r\u00e9sum\u00e9s et enregistrements ou diaporama des communications de l&rsquo;atelier.<\/p>\n\n\n\n<p><strong>D1 &#8211; <em>Objets et\/ou dispositions ? Processus de m\u00e9diations et blocages dans l\u2019enseignement des arts plastiques<\/em><\/strong> &#8211; Sylvain Fabre, Universit\u00e9 de Paris 8, CIRCEFT-ESCOL.<\/p>\n\n\n\n<p>La communication voudrait interroger comment la prise en compte des objets peut enrichir la compr\u00e9hension des processus d\u2019enseignement-apprentissage en aidant \u00e0 la description des situations et des interactions entre actions d\u2019enseignement et dynamiques subjectives des \u00e9l\u00e8ves. Elle prend pour d\u00e9part les discussions portant sur l\u2019int\u00e9r\u00eat de la manipulation comme voie d\u2019acc\u00e8s aux savoirs, face \u00e0 une critique qui insisterait davantage sur l\u2019importance du sens donn\u00e9 aux situations de manipulation et \u00e0 l\u2019exigence de secondarisation pour un usage cognitif de ces objets qui les rendent \u00ab objets pour apprendre \u00bb. Entre choses mat\u00e9rielles et dispositions, nous voudrions explorer l\u2019hypoth\u00e8se selon laquelle la diversit\u00e9 des objets (mat\u00e9riels, langagiers, voire conceptuels et symboliques) aide \u00e0 articuler les plans et \u00e0 affiner les possibilit\u00e9s de m\u00e9diations et les risques de blocage qui apparaissent. Si l\u2019on consid\u00e8re qu\u2019un objet peut se dissocier en une pluralit\u00e9 d\u2019objets (les propri\u00e9t\u00e9s sensibles d\u2019un artefact par exemple), et que les objets s\u2019associent en des r\u00e9seaux (notion qu\u2019il faudrait comparer \u00e0 celle de syst\u00e8me), le rep\u00e9rage des dynamiques d\u2019association et de dissociation peut aider \u00e0 comprendre comment les \u00e9l\u00e8ves circulent entre les mondes scolaire, professionnel ou encore familial.La r\u00e9flexion s\u2019appuiera sur l\u2019analyse d\u2019une situation de production plastique men\u00e9e par une intervenante dans le cadre des Classes \u00e0 Horaires Am\u00e9nag\u00e9s Arts Plastiques (CHAAP). L\u2019\u00e9tude des CHAAP a fait l\u2019objet d\u2019une th\u00e8se (reprise dans Fabre,2017) reposant sur une observation participante au long cours de quatre classes de 6\u00b0 et 5\u00b0,ainsi que des entretiens avec les \u00e9l\u00e8ves et les diff\u00e9rents formateurs impliqu\u00e9s dans le dispositif.En demandant de modifier une chaise pour lui donner des qualit\u00e9s \u00abartistiques\u00bb, l\u2019intervenante vise \u00e0 une premi\u00e8re exp\u00e9rience des pouvoirs de l\u2019art exp\u00e9riment\u00e9s sur un objet quotidien. Entre qualit\u00e9s plastiques et symbole du quotidien, la chaise oscille entre trivialit\u00e9 et marqueur d\u2019un humour propre au domaine artistique.Les \u00e9l\u00e8ves sont donc confront\u00e9s \u00e0 la difficult\u00e9 de consid\u00e9rer la chaise comme \u00abobjet pour apprendre\u00bb les valeurs et les moyens artistiques.La s\u00e9ancepeut se comprendre comme conflit entre dispositions et contexte, mais aussi comme appel \u00e0 mobilisation d\u2019une pluralit\u00e9 d\u2019objets qui permettent ou non de construire des objets nouveaux et de circuler entre les mondes \u00e9voqu\u00e9s. On interrogera alors certaines repr\u00e9sentations de la discipline concernant la production et on consid\u00e9rera l\u2019apport d\u2019une analyse en termes d\u2019\u00abobjets \u00e0 et pour apprendre\u00bb\u00e0 un approfondissement de ses principes didactiques.En retour, on interrogera l\u2019extension et les usages de la notion d\u2019objet dans sa pluralit\u00e9, et son int\u00e9r\u00eat pour identifier la mat\u00e9rialit\u00e9 des supports et des vecteurs de la pens\u00e9e, ainsi que les possibilit\u00e9s de m\u00e9diation qu\u2019ils offrent.<\/p>\n\n\n\n<div data-wp-interactive=\"core\/file\" class=\"wp-block-file\"><object data-wp-bind--hidden=\"!state.hasPdfPreview\"  class=\"wp-block-file__embed\" data=\"https:\/\/www.u-picardie.fr\/colloqueobjet2019\/wp-content\/uploads\/2023\/07\/Fabre-Colloque-objets-2019.pdf\" type=\"application\/pdf\" style=\"width:100%;height:600px\" aria-label=\"Contenu embarqu\u00e9 Fabre-Colloque-objets-2019.\"><\/object><a id=\"wp-block-file--media-63adaecc-7001-4643-8176-a4bc4231fceb\" href=\"https:\/\/www.u-picardie.fr\/colloqueobjet2019\/wp-content\/uploads\/2023\/07\/Fabre-Colloque-objets-2019.pdf\">Fabre-Colloque-objets-2019<\/a><a href=\"https:\/\/www.u-picardie.fr\/colloqueobjet2019\/wp-content\/uploads\/2023\/07\/Fabre-Colloque-objets-2019.pdf\" class=\"wp-block-file__button wp-element-button\" download aria-describedby=\"wp-block-file--media-63adaecc-7001-4643-8176-a4bc4231fceb\">T\u00e9l\u00e9charger<\/a><\/div>\n\n\n\n<p><strong>D2 &#8211; <em>Des objets didactiques pour questionner les sciences \u00e0 l\u2019\u00e9cole primaire : les albums de litt\u00e9rature de jeunesse<\/em><\/strong> &#8211; Catherine Brugi\u00e8re, Universit\u00e9 Claude Bernard Lyon 1, S2HEP, ESPE de l\u2019Acad\u00e9mie de Lyon ; Fr\u00e9d\u00e9ric Charles, Universit\u00e9 Claude Bernard Lyon 1, S2HEP, ESPE de l\u2019Acad\u00e9mie de Lyon.<\/p>\n\n\n\n<p>Dans cette communication, nous t\u00e9moignons du fonctionnement d\u2019un groupe de recherche collaborative (Desgagn\u00e9, 1997) qui questionne les sciences \u00e0 partir d\u2019albums de litt\u00e9rature de jeunesse. Tr\u00e8s pr\u00e9sents physiquement dans les classes des \u00e9coles primaires, ces albums peuvent se situer dans des espaces d\u00e9di\u00e9s en maternelle, dans des biblioth\u00e8ques en \u00e9l\u00e9mentaire, ou bien encore faire l\u2019objet d\u2019emprunts et de lectures organis\u00e9es dans des m\u00e9diath\u00e8ques r\u00e9guli\u00e8rement visit\u00e9es par les \u00e9l\u00e8ves. Les enseignants int\u00e8grent volontiers ces objets dans leurs pratiques : non seulement les albums de litt\u00e9rature de jeunesse appartiennent \u00e0 la culture scolaire, mais ils sont \u00e9galement devenus une possibilit\u00e9 p\u00e9dagogique \u00e0 explorer \u00e0 l\u2019\u00e9cole primaire depuis qu\u2019elle s\u2019est impos\u00e9e en 2002 dans les programmes officiels.<\/p>\n\n\n\n<p>Plus pr\u00e9cis\u00e9ment, la place centrale accord\u00e9e aux images dans les albums est propice \u00e0 l\u2019\u00e9ducation scientifique et technologique,donnant aux enfants la possibilit\u00e9 de questionner des objets du r\u00e9el qui leur sont parfois familiers, parfois compl\u00e8tement \u00e9trangers. D\u00e8s lors, les potentialit\u00e9s des albums documentaires (Auger et Jacobi, 2003) et des albums de fiction, qualifi\u00e9s de \u00ab r\u00e9aliste \u00bb par Brugui\u00e8re et Triquet (2012), font l\u2019objet de recherches en didactique des sciences. Nous proposons dans cette communication de questionner en quoi ces objets didactiques -des albums de jeunesse de fiction r\u00e9aliste-permettent de faire entrer des \u00e9l\u00e8ves dans un questionnement scientifique. Trois questions seront trait\u00e9es successivement, t\u00e9moignant de l\u2019activit\u00e9 d\u2019un groupe de recherche L\u00e9A (Lieu d\u2019\u00c9ducation associ\u00e9 \u00e0 l\u2019Institut Fran\u00e7ais de l\u2019\u00c9ducation) :<\/p>\n\n\n\n<ul>\n<li>La premi\u00e8re s\u2019appuiera sur les travaux de Brugui\u00e8re et Triquet (2014). Ces chercheurs questionnent comment une lecture interpr\u00e9tative de album de fiction La Promesse (Willis et Ross, 2005) permet de d\u00e9stabiliser des obstacles li\u00e9s au concept de m\u00e9tamorphose chez des \u00e9l\u00e8ves du d\u00e9but de l\u2019\u00e9l\u00e9mentaire (7-8 ans), et cela, gr\u00e2ce \u00e0 une r\u00e9flexion centr\u00e9e sur la dimension probl\u00e9matique de l\u2019intrigue ;<\/li>\n\n\n\n<li>La deuxi\u00e8me, adoss\u00e9e aux travaux de Soudani et al. (2014) interrogera en quoi le r\u00e9cit de fiction de l\u2019album Plouf ! (Corentin, 1991) g\u00e9n\u00e8re un questionnement \u00e9pist\u00e9mologique pouvant conduire des \u00e9l\u00e8ves d\u2019\u00e9l\u00e9mentaire (6-7 ans) \u00e0 mod\u00e9liser le fonctionnement d\u2019une poulie ;<\/li>\n\n\n\n<li>La troisi\u00e8me questionnera la mani\u00e8re dont des enfants de grande section de maternelle comprennent la mise en images et en r\u00e9cit de la notion de relations alimentaires dans l\u2019album Le Tigre mange-t-il de l\u2019herbe ? (Hyeon-Jeong et Se-Yeon, 2014).<\/li>\n<\/ul>\n\n\n\n<p>De ces objets didactiques \u00ab pour apprendre \u00bb et questionner les sciences, nous ouvrirons sur une discussion relative \u00e0 l\u2019activit\u00e9 de ce groupe de recherche qui envisage \u00e9galement ces albums comme des \u00ab objets \u00e0 apprendre \u00bb dans le sens o\u00f9 l\u2019utilisation envisag\u00e9e par le L\u00e9A est innovante et qu\u2019elle conf\u00e8re \u00e0 ses membres chercheurs une expertise de formateurs.<\/p>\n\n\n<p><iframe loading=\"lazy\" src=\"https:\/\/webtv.u-picardie.fr\/player\/embed_player.php?vid=Y4H27AU12B1Y&amp;width=540&amp;height=304&amp;autoplay=yes\" allowfullscreen=\"\" width=\"540\" height=\"304\" frameborder=\"0\"><\/iframe><\/p>\n\n\n\n<p><\/p>\n\n\n\n<p><strong>D3 &#8211; <em>La branche de chocolat : un objet complexe<\/em><\/strong> &#8211; Alain Pache, Haute Ecole P\u00e9dagogique du canton de Vaud ; Patrick Roy, Haute Ecole P\u00e9dagogique du canton de Fribourg.<\/p>\n\n\n\n<p>Penser la complexit\u00e9 est, aujourd\u2019hui peut-\u00eatre encore plus qu\u2019hier, une comp\u00e9tence fondamentale (Hertig, 2015). En effet, la pens\u00e9e de la complexit\u00e9 permet d\u2019appr\u00e9hender les grands probl\u00e8mes auxquels sont et seront confront\u00e9es les soci\u00e9t\u00e9s humaines, en \u00e9vitant les impasses des explications simplistes fond\u00e9es sur le raisonnement causal lin\u00e9aire (ibid.).<\/p>\n\n\n\n<p>Une \u00e9quipe interdisciplinaire appartenant au LirEDD (Laboratoire international de recherche sur l\u2019\u00e9ducation en vue du d\u00e9veloppement durable) a travaill\u00e9, entre 2012 et 2015, avec 15 enseignants partenaires du canton de Vaud. Sur la base des enregistrements vid\u00e9o r\u00e9alis\u00e9s et des entretiens en focus groups, nous avons constat\u00e9 qu\u2019une partie importante des \u00e9l\u00e8ves du degr\u00e9 secondaire 1 (12 \u00e0 15 ans) mobilisent des \u00e9l\u00e9ments de la pens\u00e9e complexe, en particulier des relations de causalit\u00e9 lin\u00e9aire entre deux ou plusieurs \u00e9l\u00e9ments, plus rarement des cha\u00eenes de causalit\u00e9s multiples. Dans les entretiens, les \u00e9l\u00e8ves sont par ailleurs capables de mobiliser diverses \u00e9chelles spatiales et temporelles, des boucles de r\u00e9troactions ou des tensions dialogiques. En revanche, en ce qui concerne l\u2019identification des acteurs engag\u00e9s dans une situation telle que celle qui a \u00e9t\u00e9 soumise aux \u00e9l\u00e8ves, on constate une pr\u00e9dominance des acteurs indiff\u00e9renci\u00e9s (\u00ab les gens \u00bb, \u00ab on \u00bb, \u00ab ils \u00bb). Le passage \u00e0 l\u2019action et les conditions de l\u2019action sont \u00e9galement largement absents du discours des \u00e9l\u00e8ves (Pache, Hertig &amp; Curnier, 2016).<\/p>\n\n\n\n<p>Pour ce qui est des enseignants partenaires, ils r\u00e9duisent g\u00e9n\u00e9ralement la complexit\u00e9 au multiple, si bien que l\u2019on constate une dilution des savoirs disciplinaires dans des proc\u00e9dures de recherche, de comparaison et d\u2019organisation de l\u2019information de type transversales, au d\u00e9triment d\u2019une mise en \u00e9vidence explicite des outils de pens\u00e9e de la complexit\u00e9. C\u2019est la raison pour laquelle, la deuxi\u00e8me phase de la recherche, entre 2018 et 2021, souhaite mettre l\u2019accent sur la probl\u00e9matisation, la notion d\u2019outil de pens\u00e9e et les outils de visualisation de la complexit\u00e9. A partir d\u2019un objet du quotidien, la branche de chocolat, il s\u2019agira de faire \u00e9merger les principales questions controvers\u00e9es li\u00e9es \u00e0 la th\u00e9matique du chocolat. Puis, en adoptant la perspective du d\u00e9tour et du retour (Audigier, Fink, Freudiger &amp; Haeberli, 2011), l\u2019\u00e9quipe de recherche proposera diff\u00e9rents contenus d\u2019enseignement bas\u00e9s sur une matrice interdisciplinaire r\u00e9alis\u00e9e pr\u00e9alablement (Gremaud &amp; Roy, 2017).<\/p>\n\n\n\n<p>Dans cette communication, nous pr\u00e9senterons la probl\u00e9matique, le dispositif m\u00e9thodologique de cette recherche collaborative orient\u00e9e par la conception (Sanchez &amp; Monod-Ansaldi, 2014) ainsi que les principaux r\u00e9sultats recueillis en automne 2018 et au printemps 2019.<\/p>\n\n\n\n<p><strong>D4 &#8211; <em>Utiliser une chanson comme objet-m\u00e9diateur de l\u2019apprentissage des rep\u00e8res temporels<\/em><\/strong> &#8211; Christine Croset-Rumpf, Haute Ecole P\u00e9dagogique de Lausanne.<\/p>\n\n\n\n<p>S\u2019appuyant sur une recherche effectu\u00e9e dans les premiers degr\u00e9s de la scolarit\u00e9 (\u00e9l\u00e8ves de 4 \u00e0 6 ans), cette pr\u00e9sentation s\u2019int\u00e9resse \u00e0 l\u2019objet-chanson : tr\u00e8s fr\u00e9quemment pratiqu\u00e9e tant par les enseignants que par les \u00e9l\u00e8ves dans ces degr\u00e9s, ses possibilit\u00e9s de m\u00e9diateur d\u2019apprentissage restent peu conscientis\u00e9es, et donc sous-utilis\u00e9es. Ici, une chanson-\u00e0-gestes sert de support au traitement d\u2019un objet de savoir pr\u00e9sent\u00e9 comme d\u00e9terminant pour les apprentissages futurs du jeune \u00e9l\u00e8ve, \u00e0 savoir l\u2019appropriation des rep\u00e8res temporels (Suchaut, 2008). L\u2019enseignante cherche \u00e0 amener ses \u00e9l\u00e8ves \u00e0 structurer le flux oral par des moyens (notamment l\u2019usage de signes, dans une perspective vygotskienne) qui s\u2019apparentent au processus de l\u2019entr\u00e9e dans l\u2019\u00e9crit : \u00e0 l\u2019issue de plusieurs s\u00e9ances de chant en mouvement, les \u00e9l\u00e8ves inventent une forme de code alternatif qui leur servira de proto-partition. \u00c0 partir d\u2019un objet oral (la chanson), on produit un objet graphique. Ce faisant, on multiplie les interactions et le recours \u00e0 divers modes sensoriels : nous faisons l\u2019hypoth\u00e8se qu\u2019il est pertinent de prendre en compte la forme de sensorialit\u00e9 propre au jeune enfant, chez qui la transmodalit\u00e9 domine encore. Ici, les sens proprioceptifs se conjuguent aux sens auditif et visuel pour permettre le traitement de l\u2019objet de savoir temporel. Les questions sont :<\/p>\n\n\n\n<ul>\n<li>quels indices qui montrent que le traitement de cet \u201dobjet-chanson\u201dpermet aux \u00e9l\u00e8ves de s\u2019approprier des outils psychologiques de rep\u00e9rage temporel ?<\/li>\n\n\n\n<li>quelles habilet\u00e9s cognitives (Anderson et Krathwohl, 2001) sont-elles pr\u00e9sentes dans les t\u00e2ches et interactions ?<\/li>\n<\/ul>\n\n\n\n<p>Les donn\u00e9es r\u00e9colt\u00e9es comprennent : les enregistrements vid\u00e9o de la s\u00e9quence (six s\u00e9ances de mise en \u0153uvre en grand groupe et une s\u00e9ance d\u2019\u00e9valuation avec deux sous-groupes d\u2019\u00e9l\u00e8ves), la transcription des interactions verbales entre l\u2019enseignante et les \u00e9l\u00e8ves, et les productions graphiques des \u00e9l\u00e8ves.<\/p>\n\n\n<p><iframe loading=\"lazy\" src=\"https:\/\/webtv.u-picardie.fr\/player\/embed_player.php?vid=3363KR5YH47H&amp;width=540&amp;height=304&amp;autoplay=yes\" allowfullscreen=\"\" width=\"540\" height=\"304\" frameborder=\"0\"><\/iframe><\/p>\n\n\n\n<p><\/p>\n\n\n\n<p><meta http-equiv=\"content-type\" content=\"text\/html; charset=utf-8\"><\/meta>Liens vers un ouvrage p\u00e9dagogique en rapport avec la communication : <a aria-label=\"https:\/\/www.editionslep.ch\/amuse-bouches-les-saisons (opens in a new tab)\" href=\"https:\/\/www.editionslep.ch\/amuse-bouches-les-saisons\" target=\"_blank\" rel=\"noreferrer noopener\" class=\"ek-link\">https:\/\/www.editionslep.ch\/amuse-bouches-les-saisons<\/a><\/p>\n\n\n\n<p><strong>D5 &#8211; <em>La reproduction des plantes \u00e0 fleurs : entre r\u00e9alit\u00e9 des objets, des images et des discours<\/em><\/strong> &#8211; Catherine Boyer, Universit\u00e9 de Lille 3, CIREL-Th\u00e9odile.<\/p>\n\n\n\n<p>A partir des concepts de fleur et de fruit, nous nous interrogerons sur le rapport entre les objets (fleur, fruit) les mots qu\u2019ils v\u00e9hiculent et les d\u00e9finitions donn\u00e9es. Quelles sont les fleurs, les fruits utilis\u00e9s en classes (dans les manuels et dans les objets manipulables), \u00e9voqu\u00e9es et pour construire quelles comp\u00e9tences ? Le concept de reproduction des plantes \u00e0 fleurs est compliqu\u00e9 et les mots qui les sous-tendent sont particuli\u00e8rement d\u00e9pendant des objets et des modalit\u00e9s de pens\u00e9e (Boyer 2000, Bosdeveix et Al 2014).<\/p>\n\n\n\n<p>Pour r\u00e9pondre \u00e0 notre question nous nous baserons sur des situations de classe en primaire et en Licence 2 et 3 de l\u2019universit\u00e9 de Lille sur ces m\u00eames notions. Quels sont les objets supports d\u2019apprentissages (quelles plantes ? quelles images de plantes&#8230;) ? Qu\u2019apportent les diff\u00e9rents \u00e9l\u00e9ments d\u2019\u00e9criture en sciences (dessin, sch\u00e9ma, diagramme floral, cycle de reproduction) ? Comment passent-ils de l\u2019objet r\u00e9el \u00e0 \u00ab l\u2019\u00e9crit \u00bb et sous quelle forme ? qu\u2019en pensent les \u00e9tudiants, leurs difficult\u00e9s, leurs r\u00e9ussites ? Quels apprentissages entre les mots et les dessins ou les photos et\/ou les objets r\u00e9els ?<\/p>\n\n\n\n<p>Le corpus comprend les supports utilis\u00e9s, des productions d\u2019\u00e9l\u00e8ves, des interactions langagi\u00e8res et des entretiens d\u2019\u00e9tudiants. L\u2019analyse crois\u00e9e entre la nature des images (Jacobi, 1985), la lecture d\u2019objet r\u00e9el (fleur, fruit) et les termes utilis\u00e9s dans les interaction et entretiens seront mis en lien avec les conceptualisations construites ou en cours de construction. Nous montrerons que ce concept si souvent travaill\u00e9s en classe conduit une partie des \u00e9tudiants d\u2019universit\u00e9 souhaitant devenir de futurs enseignants, \u00e0 construire des conceptualisations diff\u00e9rentes selon les objets \u00e9voqu\u00e9s proches de celles des \u00e9l\u00e8ves de primaire. Ces conceptualisations sont d\u00e9pendantes du niveau d\u2019abstraction des discours attendus (Vygotski, 1985). Et pose donc le probl\u00e8me de l\u2019\u00e9valuation de connaissances.<\/p>\n\n\n<p><iframe loading=\"lazy\" src=\"https:\/\/webtv.u-picardie.fr\/player\/embed_player.php?vid=9A59OWS5XUXK&amp;width=540&amp;height=304&amp;autoplay=yes\" allowfullscreen=\"\" width=\"540\" height=\"304\" frameborder=\"0\"><\/iframe><\/p>\n","protected":false},"excerpt":{"rendered":"<p>Points de vue et regards sur un ou plusieurs objets questionnent aussi bien leur r\u00e9ception par les \u00e9l\u00e8ves que les pratiques p\u00e9dagogiques concern\u00e9es. La chaise entre usage quotidien et production&#8230; <a href=\"https:\/\/www.u-picardie.fr\/colloqueobjet2019\/ateliers\/atelier-d-facettes-dun-meme-objet\/\">Read more &raquo;<\/a><\/p>\n","protected":false},"author":3,"featured_media":0,"parent":102,"menu_order":0,"comment_status":"closed","ping_status":"closed","template":"","meta":{"_editorskit_title_hidden":false,"_editorskit_reading_time":1,"_editorskit_is_block_options_detached":false,"_editorskit_block_options_position":"{}","footnotes":""},"_links":{"self":[{"href":"https:\/\/www.u-picardie.fr\/colloqueobjet2019\/wp-json\/wp\/v2\/pages\/133"}],"collection":[{"href":"https:\/\/www.u-picardie.fr\/colloqueobjet2019\/wp-json\/wp\/v2\/pages"}],"about":[{"href":"https:\/\/www.u-picardie.fr\/colloqueobjet2019\/wp-json\/wp\/v2\/types\/page"}],"author":[{"embeddable":true,"href":"https:\/\/www.u-picardie.fr\/colloqueobjet2019\/wp-json\/wp\/v2\/users\/3"}],"replies":[{"embeddable":true,"href":"https:\/\/www.u-picardie.fr\/colloqueobjet2019\/wp-json\/wp\/v2\/comments?post=133"}],"version-history":[{"count":20,"href":"https:\/\/www.u-picardie.fr\/colloqueobjet2019\/wp-json\/wp\/v2\/pages\/133\/revisions"}],"predecessor-version":[{"id":533,"href":"https:\/\/www.u-picardie.fr\/colloqueobjet2019\/wp-json\/wp\/v2\/pages\/133\/revisions\/533"}],"up":[{"embeddable":true,"href":"https:\/\/www.u-picardie.fr\/colloqueobjet2019\/wp-json\/wp\/v2\/pages\/102"}],"wp:attachment":[{"href":"https:\/\/www.u-picardie.fr\/colloqueobjet2019\/wp-json\/wp\/v2\/media?parent=133"}],"curies":[{"name":"wp","href":"https:\/\/api.w.org\/{rel}","templated":true}]}}