{"id":122,"date":"2022-09-07T11:36:09","date_gmt":"2022-09-07T09:36:09","guid":{"rendered":"https:\/\/www.u-picardie.fr\/colloqueobjet2019\/?page_id=122"},"modified":"2024-01-24T17:37:25","modified_gmt":"2024-01-24T16:37:25","slug":"atelier-a-objets-mediateurs-dapprentissages-multiples","status":"publish","type":"page","link":"https:\/\/www.u-picardie.fr\/colloqueobjet2019\/ateliers\/atelier-a-objets-mediateurs-dapprentissages-multiples\/","title":{"rendered":"Atelier A : Objets m\u00e9diateurs d&rsquo;apprentissages multiples"},"content":{"rendered":"\n<p>Les communications r\u00e9unies dans cet atelier ont trait\u00e9 de l\u2019usage des objets mat\u00e9riels comme support d\u2019apprentissage. Elles questionnent ces usages dans des classes de la maternelle au lyc\u00e9e, en math\u00e9matiques, \u00e9ducation musicale, physique et Explorer le monde.<\/p>\n\n\n\n<p>Voici ci-dessous les r\u00e9sum\u00e9s et enregistrements des communications de l&rsquo;atelier.<\/p>\n\n\n\n<p><strong>A1 &#8211; <em>Miroirs en classe : des objets pour apprendre les math\u00e9matiques<\/em><\/strong> &#8211; Paolo Bellingeri, Universit\u00e9 de Caen-Normandie, ESPE de Caen, LMNO et centro mathematica ; Emmanuelle F\u00e9aux de Lacroix, Universit\u00e9 de Caen-Normandie, ESPE de Caen, LMNO ; Eric Reyssat, Universit\u00e9 de Caen-Normandie, ESPE de Caen, LMNO ; Andr\u00e9 Sesbo\u00fc\u00e9, Universit\u00e9 de Caen-Normandie, ESPE de Caen, directeur de l\u2019IREM de Caen.<\/p>\n\n\n\n<p>La proposition porte sur la monstration d\u2019objets (miroirs et carrelages, sur le plan et sur la sph\u00e8re) d\u00e9velopp\u00e9s depuis 2011 par une \u00e9quipe de math\u00e9maticiens de l\u2019Universit\u00e9 de Caen dans le cadre d\u2019un projet qui porte le nom de Labosa\u00efque ([1,3]), et qui prend son inspiration d\u2019une exp\u00e9rience port\u00e9e par l\u2019Universit\u00e9 de Milan depuis 1999 ([2]).<\/p>\n\n\n\n<p>Le Labosa\u00efque est un projet visant \u00e0 faire d\u00e9couvrir les sym\u00e9tries du plan et de l&rsquo;espace \u00e0 travers la manipulation et l&rsquo;observation d&rsquo;objets \u00e0 la fois concrets, attrayants et ludiques. Ce mat\u00e9riel a pour th\u00e8me l&rsquo;\u00e9tude des pavages et des poly\u00e8dres, mais il permet aussi d&rsquo;explorer les liens entre les math\u00e9matiques et la physique des mat\u00e9riaux, l&rsquo;art, l&rsquo;architecture, la biologie&#8230; Le projet Labosa\u00efque a pris naissance gr\u00e2ce au prix \u00ab\u00a0T\u00eates chercheuses, fondation mus\u00e9e Schlumberger\u00a0\u00bb en 2011. Depuis cette date le Labosa\u00efque est tr\u00e8s largement utilis\u00e9 pour des interventions en milieu scolaire ou aupr\u00e8s du grand public. A titre d\u2019exemple, sur les cinq ann\u00e9es 2012-2017, l\u2019\u00e9quipe du projet a r\u00e9alis\u00e9 plus de 50 journ\u00e9es d&rsquo;intervention en milieu scolaire ce qui a permis \u00e0 plus de 4000 \u00e9l\u00e8ves de b\u00e9n\u00e9ficier d&rsquo;un atelier.<\/p>\n\n\n\n<p>Forte de son exp\u00e9rience aupr\u00e8s du public scolaire et devant le succ\u00e8s des ateliers et l\u2019int\u00e9r\u00eat (des \u00e9l\u00e8ves et des enseignants) pour le mat\u00e9riel utilis\u00e9, l&rsquo;\u00e9quipe du Labosa\u00efque a d\u00e9cid\u00e9 de cr\u00e9er une version portative de plusieurs de ses ateliers en vue de diffuser ce mat\u00e9riel au sein des \u00e9tablissements scolaires et instituts de formation des ma\u00eetres, sous le nom de \u00ab Labosa\u00efque en classe \u00bb : notre intervention va se focaliser sur ces objets et sur quelques activit\u00e9s corr\u00e9l\u00e9es (une description des objets de la version \u00ab mus\u00e9ale \u00bb du Labosa\u00efque est disponible sur le site du projet et sur [3]).<\/p>\n\n\n\n<p>Le \u00ab Palais des glaces \u00bb : lot de chambres de miroirs d\u00e9montables permettant de r\u00e9aliser des pavages infinis du plan. Ces chambres de miroirs permettent de visualiser l&rsquo;infini, d&rsquo;\u00e9tudier les sym\u00e9tries axiales et d&rsquo;aborder la notion de domaine fondamental. Les activit\u00e9s possibles avec ce mat\u00e9riel sont adaptables ainsi \u00e0 tous les niveaux : de la fin du primaire \u00e0 l\u2019Universit\u00e9. Nous compl\u00e9tons notre kit avec un lot de petits miroirs sur pieds pour r\u00e9aliser des activit\u00e9s simples sur la notion de sym\u00e9trie (annexe).<\/p>\n\n\n\n<p>Le \u00ab Kal\u00e9idospace \u00bb (en cours de d\u00e9veloppement) : lot de kal\u00e9idoscopes d\u00e9montables permettant de visualiser les poly\u00e8dres r\u00e9guliers et les pavages de la sph\u00e8re. Nous proposons un lot de 3 \u00ab chambres de miroirs sph\u00e9riques \u00bb d\u00e9montables permettant de re-construire par sym\u00e9tries planaires les 5 solides r\u00e9guliers de l\u2019espace : le t\u00e9tra\u00e8dre, le cube, l\u2019octa\u00e8dre, le dod\u00e9ca\u00e8dre et l\u2019icosa\u00e8dre.<\/p>\n\n\n\n<p>Le \u00ab Carreleur math\u00e9matique \u00bb (en cours de d\u00e9veloppement) : lot de pochettes de pi\u00e8ces color\u00e9es permettant de r\u00e9aliser diff\u00e9rents types de pavages du plan. Ces pi\u00e8ces se pr\u00eatent bien au public d&rsquo;\u00e9cole primaire pour construire des pavages et permettent d&rsquo;aller plus loin avec les coll\u00e9giens pour l&rsquo;\u00e9tude des transformations du plan. Nous proposerons diff\u00e9rents ensembles de pi\u00e8ces color\u00e9es et aimant\u00e9es permettant de construire les diff\u00e9rents types de pavages p\u00e9riodiques du plan. Gr\u00e2ce \u00e0 leur aimantation, ces pi\u00e8ces pourront facilement \u00eatre utilis\u00e9es \u00e0 la verticale sur un tableau m\u00e9tallique afin de pr\u00e9senter certaines notions \u00e0 un auditoire.<\/p>\n\n\n<p><iframe loading=\"lazy\" src=\"https:\/\/webtv.u-picardie.fr\/player\/embed_player.php?vid=WRDA3AYWXGA8&amp;width=540&amp;height=304&amp;autoplay=yes\" allowfullscreen=\"\" width=\"540\" height=\"304\" frameborder=\"0\"><\/iframe><\/p>\n\n\n\n<p><\/p>\n\n\n\n<p><\/p>\n\n\n\n<p><strong>A2 &#8211; <em>L\u2019instrument de musique fabriqu\u00e9 : \u00ab\u00a0un objet \u00e0 apprendre et pour apprendre ?\u00a0\u00bb<\/em><\/strong> &#8211; Marl\u00e8ne Jouan, professeur d\u2019\u00e9ducation musicale ; Odile Tripier-Mondancin, Universit\u00e9 Jean-Jaur\u00e8s Toulouse, ESPE Toulouse Midi-Pyr\u00e9n\u00e9es.<\/p>\n\n\n\n<p>Dans le cadre d\u2019un m\u00e9moire r\u00e9alis\u00e9 en Master 2 M\u00e9tiers de l\u2019\u00c9ducation, de l\u2019Enseignement et de la Formation, Mention second degr\u00e9, Parcours \u00e9ducation musicale, intitul\u00e9 \u00ab Fabrication d\u2019instruments de musique au coll\u00e8ge : enjeux actuels et savoirs mis en jeu \u00bb, nous nous sommes interrog\u00e9es sur la probl\u00e9matique suivante : \u00ab Alors que des projets de r\u00e9cup\u00e9ration d\u2019objets du quotidien et\/ou de fabrication d\u2019instruments visant la pratique musicale sont m\u00e9diatis\u00e9s sur Internet, l\u2019institution scolaire (limit\u00e9e au coll\u00e8ge dans cette \u00e9tude) s\u2019en empare-t-elle ? Si oui, quelles sont les finalit\u00e9s vis\u00e9es par ce type d\u2019activit\u00e9 ? Quels savoirs sont alors mis en jeu ? \u00bb. En termes d\u2019hypoth\u00e8se g\u00e9n\u00e9rale, nous avons pos\u00e9 que des projets de r\u00e9cup\u00e9ration d\u2019objets du quotidien et\/ou de fabrication d\u2019instruments visant la pratique musicale ont une place au coll\u00e8ge et permettent de d\u00e9velopper des savoirs chez les \u00e9l\u00e8ves dans diverses disciplines. Quatre entretiens ont \u00e9t\u00e9 r\u00e9alis\u00e9s aupr\u00e8s de deux enseignants (\u00c9ducation Musicale et Technologie) et de deux \u00e9l\u00e8ves issus de deux classes de quatri\u00e8me. Les r\u00e9sultats ont \u00e9t\u00e9 analys\u00e9s selon le mod\u00e8le de A. Tricot et M. Musial (2008) et son \u00e9volution (Musial, Prad\u00e8re et Tricot, 2012). Ce mod\u00e8le s\u2019inscrit dans une des th\u00e9ories de la connaissance d\u00e9velopp\u00e9e en psychologie cognitive et import\u00e9e en ing\u00e9nierie p\u00e9dagogique notamment en g\u00e9nie m\u00e9canique, biotechnologie et plus r\u00e9cemment dans des travaux de recherche sur l\u2019\u00e9ducation musicale (Tripier-Mondancin, Maizi\u00e8res, Tricot, 2015 ; Maizi\u00e8res, Tripier-Mondancin, 2017). En effet, il nous int\u00e9ressait particuli\u00e8rement de v\u00e9rifier si les diff\u00e9rents formats de connaissances (concept, m\u00e9thode, savoir-faire et repr\u00e9sentation) \u00e9taient d\u00e9clar\u00e9s enseign\u00e9s par les enseignants et d\u00e9clar\u00e9s appris par les \u00e9l\u00e8ves, ce qui pouvait tendre \u00e0 confirmer notre hypoth\u00e8se. Cette \u00e9tude de cas est exploratoire ; \u00e9tant donn\u00e9 l\u2019\u00e9chantillon les r\u00e9sultats ne sont pas g\u00e9n\u00e9ralisables. Au regard de notre discussion, ce projet peut se concevoir au sein d\u2019un Enseignement Pratique Interdisciplinaire au coll\u00e8ge. De plus, ce sont des savoirs li\u00e9s \u00e0 des formats de connaissances de type \u00ab proc\u00e9durales \u00bb (savoir-faire et m\u00e9thodes) qui sont majoritairement d\u00e9velopp\u00e9s, selon le mod\u00e8le de A. Tricot et M. Musial et Prad\u00e8res (2008 ; 2012) ainsi que des savoirs-\u00eatre (autonomie, travail de groupe) propos\u00e9s par le mod\u00e8le de Leroy, J.-L. (2018). Selon les \u00e9l\u00e8ves, utiliser l\u2019instrument fabriqu\u00e9 comme support de travail semble donc changer la mani\u00e8re d\u2019enseigner mais \u00e9galement celle d\u2019apprendre au sein du coll\u00e8ge. La mise en place d\u2019une d\u00e9marche hypoth\u00e9tico-d\u00e9ductive et de t\u00e2tonnement exp\u00e9rimental peuvent donc donner \u00e0 l\u2019instrument fabriqu\u00e9 un r\u00f4le de \u00ab passeur \u00bb de savoir.<\/p>\n\n\n<p><iframe loading=\"lazy\" src=\"https:\/\/webtv.u-picardie.fr\/player\/embed_player.php?vid=AX91NOKSA3S9&amp;width=540&amp;height=304&amp;autoplay=yes\" allowfullscreen=\"\" width=\"540\" height=\"304\" frameborder=\"0\"><\/iframe><\/p>\n\n\n\n<p><\/p>\n\n\n\n<p><strong>A3 &#8211; <em>Choix d&rsquo;objets utilis\u00e9s par les enseignants de physique-chimie au lyc\u00e9e pour l&rsquo;\u00e9tude du principe d&rsquo;inertie en seconde<\/em><\/strong> &#8211; Pascale Kummer, STEF, ENS Cachan.<\/p>\n\n\n\n<p>Parmi les disciplines \u00ab scientifiques \u00bb du lyc\u00e9e, la \u00ab physique-chimie \u00bb r\u00e9union de deux mati\u00e8res enseign\u00e9es par un seul corps enseignant, fait partie (jusqu&rsquo;en 2019) du tronc commun obligatoire en seconde. Elle s&rsquo;est longtemps d\u00e9finie par son caract\u00e8re exp\u00e9rimental. Si ces \u00ab activit\u00e9s exp\u00e9rimentales \u00bb restent de mise, elles sont devenues (depuis 2010 au lyc\u00e9e) une des d\u00e9marches possibles parmi les \u00ab d\u00e9marches d&rsquo;investigations \u00bb pr\u00f4n\u00e9es par l&rsquo;\u00e9ducation nationale. En effet, l&rsquo;analyse des manuels et programmes de physique-chimie de seconde sur les vingt derni\u00e8res ann\u00e9es montre une augmentation de l&rsquo;\u00e9tude de documents, propos\u00e9e sous l&rsquo;appellation \u00ab activit\u00e9 documentaire \u00bb qui va de pair avec une diminution (en nombre et taille) des objets \u00e0 \u00e9tudier. Afin de v\u00e9rifier ce qu&rsquo;il en est des ressources choisies par les enseignants (Recherche r\u00e9alis\u00e9e dans le cadre du projet R\u00e9Vea), nous avons opt\u00e9 pour un cas d&rsquo;\u00e9tude, un sujet classique en m\u00e9canique le \u00ab principe d&rsquo;inertie \u00bb loi que l&rsquo;on peut \u00e9noncer ainsi : \u00ab un objet conserve son \u00e9tat de repos ou son mouvement rectiligne \u00e0 vitesse constante tant qu&rsquo;il ne subit aucune force \u00bb.<\/p>\n\n\n\n<p>Une certaine libert\u00e9 p\u00e9dagogique, semble laiss\u00e9e \u00e0 l&rsquo;enseignant car le programme n&rsquo;indique ni une formulation de la loi, ni de situations ou syst\u00e8mes \u00e0 \u00e9tudier. Il sugg\u00e8re la r\u00e9alisation par les \u00e9l\u00e8ves d&rsquo;enregistrements vid\u00e9o d&rsquo;objets en mouvement et pr\u00e9cise que la loi doit \u00eatre \u00ab utilis\u00e9e \u00bb pour \u00ab analyser des mouvements en termes de forces \u00bb.<\/p>\n\n\n\n<p>Un ensemble de donn\u00e9es mixtes ont \u00e9t\u00e9 analys\u00e9es concernant trois enseignants avec lesquels entretiens semi-directifs et observations de classe ont \u00e9t\u00e9 r\u00e9alis\u00e9es dans le but de rep\u00e9rer, quels types d&rsquo;objets \u00e9taient utilis\u00e9s, avec quelles modalit\u00e9s, et quels \u00e9taient leurs r\u00f4les dans les activit\u00e9s propos\u00e9es par l&rsquo;enseignant. Ont aussi \u00e9t\u00e9 recueillies les traces des supports papiers ou num\u00e9riques fournies aux \u00e9l\u00e8ves.<\/p>\n\n\n\n<p>Nos r\u00e9sultats montrent des convergences entre les trois situations, en particulier la pr\u00e9sence de vid\u00e9os concernant des objets en mouvement, objets et activit\u00e9s identiques ou proches de ce que proposent les manuels de seconde du programme en vigueur ou d&rsquo;anciens manuels. Les sp\u00e9cificit\u00e9s des vid\u00e9os concernent leur nature (comp\u00e9tition sportive, industrie automobile, r\u00e9alis\u00e9e par les \u00e9l\u00e8ves), leur statut (grand public, professionnelle, scolaire), le format p\u00e9dagogique adopt\u00e9 (collective, en bin\u00f4me), leur fonction didactique (illustration, exp\u00e9rience virtuelle, acquisition de donn\u00e9es exp\u00e9rimentales). Les convergences peuvent \u00eatre mises en rapport avec les curriculum prescrit et potentiel, tandis que les sp\u00e9cificit\u00e9s du curriculum produit rel\u00e8vent d&rsquo;un processus de choix personnels li\u00e9s aux motivations des enseignants, mais aussi aux contraintes ou limites qu&rsquo;ils ont rencontr\u00e9es. Tandis que les d\u00e9marches scientifiques mises en \u0153uvre pour l&rsquo;enseignement de la loi (inductive, d\u00e9ductive) ne font pas partie des choix explicit\u00e9s par les enseignants.<\/p>\n\n\n<p><iframe loading=\"lazy\" src=\"https:\/\/webtv.u-picardie.fr\/player\/embed_player.php?vid=W6HS7BWUO2GX&amp;width=540&amp;height=304&amp;autoplay=yes\" allowfullscreen=\"\" width=\"540\" height=\"304\" frameborder=\"0\"><\/iframe><\/p>\n\n\n\n<p><\/p>\n\n\n\n<p><strong>A4 &#8211; <em>Moulin \u00e0 vent, aimant, bateau\u2026 : des objets \u00e0 apprendre ou pour apprendre \u00e0 l\u2019\u00e9cole maternell<\/em>e<\/strong> &#8211; C\u00e9line Chanoine, Universit\u00e9 de Picardie Jules Verne, CAREF.<\/p>\n\n\n\n<p>Cette communication pr\u00e9sente certains r\u00e9sultats d\u2019une recherche doctorale sur l\u2019\u00e9ducation scientifique \u00e0 l\u2019\u00e9cole maternelle visant \u00e0 proposer un curriculum possible pour l\u2019\u00e9cole maternelle \u00e0 partir d\u2019objets du quotidien. Cette recherche pose un double questionnement :<\/p>\n\n\n\n<ul>\n<li>Comment appr\u00e9hender la pratique des enseignants dans le domaine \u00ab Explorer le monde \u00bb qui ne rel\u00e8ve pas de leurs pr\u00e9occupations premi\u00e8res ?<\/li>\n\n\n\n<li>Comment penser une \u00e9ducation \u00e0 vis\u00e9e scientifique en maternelle exigeante et r\u00e9alisable sans l\u2019envisager en approche strictement disciplinaire ?<\/li>\n<\/ul>\n\n\n\n<p>Partant du constat d\u2019une \u00e9ducation scientifique peu et souvent mal mise en \u0153uvre \u00e0 l\u2019\u00e9cole maternelle, nous proposons de tenir compte des sp\u00e9cificit\u00e9s de l\u2019\u00e9cole maternelle, notamment du jeune \u00e2ge des \u00e9l\u00e8ves et de la professionnalit\u00e9 de ses enseignants tout en \u00e9tant attentifs aux exigences \u00e9pist\u00e9mologiques des sciences (Bisault, 2011).<\/p>\n\n\n\n<p>Aussi, nous proposons ici d\u2019analyser les r\u00e9ponses donn\u00e9es \u00e0 un questionnaire portant sur la description de pratiques dans le domaine \u00ab Explorer le monde du vivant, des objets et de la mati\u00e8re \u00bb \u00e0 l\u2019\u00e9cole maternelle. Il s\u2019agit de pratiques ordinaires que nous analysons selon trois dimensions : les objets, les t\u00e2ches et les vis\u00e9es. Nous sommes amen\u00e9s \u00e0 distinguer diff\u00e9rents objets (objets-cible, objets d\u2019attention communs, objets-artefacts) que nous d\u00e9taillerons, dans la mesure o\u00f9 nous constatons des \u00e9volutions et \u00ab entrem\u00ealements \u00bb d\u2019objets sur une m\u00eame description de s\u00e9quence. Cette distinction \u00e9tablie, nous avan\u00e7ons les r\u00e9sultats suivants :<\/p>\n\n\n\n<ul>\n<li>Nous constatons une grande diversit\u00e9 de mises en \u0153uvre du curriculum fond\u00e9 sur les objets, nous proposons alors de qualifier ces s\u00e9quences de \u00ab non calibr\u00e9es \u00bb ;<\/li>\n\n\n\n<li>Cette diversit\u00e9 de mises en \u0153uvre nous conduit \u00e0 proposer cinq modes didactiques : le mode \u00ab exp\u00e9riences sensorielles \u00bb, le mode \u00ab processus de cat\u00e9gorisation \u00bb, le mode \u00ab processus explicatif \u00bb, le mode \u00ab d\u00e9marche rationnelle explicit\u00e9e \u00bb et le mode \u00ab conceptualisation-objet \u00bb d\u2019un curriculum possible \u00e0 l\u2019\u00e9cole maternelle. Nous inscrivons ces modes dans un syst\u00e8me plus large, en tension entre trois p\u00f4les principaux rep\u00e9r\u00e9s par Jo\u00ebl Lebeaume (2011) : l\u2019axe des exp\u00e9riences-actions, l\u2019axe des comp\u00e9tences et l\u2019axe des connaissances ;<\/li>\n\n\n\n<li>Dans ce syst\u00e8me, nous constatons que les objets sont consid\u00e9r\u00e9s comme des \u00e9l\u00e9ments constitutifs (objets \u00e0 apprendre) ou contributifs (objets pour apprendre) au curriculum d\u2019\u00e9ducation scientifique ; nous questionnons, \u00e0 travers cette distinction, la pertinence d\u2019une distinction, dans les textes institutionnels entre \u00ab l\u2019exploration du monde de la mati\u00e8re \u00bb et \u00ab l\u2019exploration du monde des objets \u00bb.<\/li>\n<\/ul>\n\n\n\n<p>En conclusion, notre approche qualitative de didactique curriculaire nous invite \u00e0 proposer un curriculum possible pour l\u2019\u00e9ducation scientifique \u00e0 l\u2019\u00e9cole maternelle, en questionnant le r\u00f4le de l\u2019objet dans ce curriculum et en envisageant la possibilit\u00e9 de la construction d\u2019un objet d\u2019investigation scientifique scolaire, fond\u00e9 sur la notion de concept-objet propos\u00e9 par Martinand (1994) et exp\u00e9riment\u00e9e par Bisault (2011).<\/p>\n\n\n<p><iframe loading=\"lazy\" src=\"https:\/\/webtv.u-picardie.fr\/player\/embed_player.php?vid=BADSG6XOG84G&amp;width=540&amp;height=304&amp;autoplay=yes\" allowfullscreen=\"\" width=\"540\" height=\"304\" frameborder=\"0\"><\/iframe><\/p>\n\n\n\n<div data-wp-interactive=\"core\/file\" class=\"wp-block-file\"><object data-wp-bind--hidden=\"!state.hasPdfPreview\"  class=\"wp-block-file__embed\" data=\"https:\/\/www.u-picardie.fr\/colloqueobjet2019\/wp-content\/uploads\/2023\/07\/Chanoine-Colloque-objets-2019.pdf\" type=\"application\/pdf\" style=\"width:100%;height:600px\" aria-label=\"Contenu embarqu\u00e9 Chanoine-Colloque-objets-2019.\"><\/object><a id=\"wp-block-file--media-c6b57edd-57df-489e-9924-2ae8f8756278\" href=\"https:\/\/www.u-picardie.fr\/colloqueobjet2019\/wp-content\/uploads\/2023\/07\/Chanoine-Colloque-objets-2019.pdf\">Chanoine-Colloque-objets-2019<\/a><a href=\"https:\/\/www.u-picardie.fr\/colloqueobjet2019\/wp-content\/uploads\/2023\/07\/Chanoine-Colloque-objets-2019.pdf\" class=\"wp-block-file__button wp-element-button\" download aria-describedby=\"wp-block-file--media-c6b57edd-57df-489e-9924-2ae8f8756278\">T\u00e9l\u00e9charger<\/a><\/div>\n","protected":false},"excerpt":{"rendered":"<p>Les communications r\u00e9unies dans cet atelier ont trait\u00e9 de l\u2019usage des objets mat\u00e9riels comme support d\u2019apprentissage. Elles questionnent ces usages dans des classes de la maternelle au lyc\u00e9e, en math\u00e9matiques,&#8230; <a href=\"https:\/\/www.u-picardie.fr\/colloqueobjet2019\/ateliers\/atelier-a-objets-mediateurs-dapprentissages-multiples\/\">Read more &raquo;<\/a><\/p>\n","protected":false},"author":3,"featured_media":0,"parent":102,"menu_order":0,"comment_status":"closed","ping_status":"closed","template":"","meta":{"_editorskit_title_hidden":false,"_editorskit_reading_time":1,"_editorskit_is_block_options_detached":false,"_editorskit_block_options_position":"{}","footnotes":""},"_links":{"self":[{"href":"https:\/\/www.u-picardie.fr\/colloqueobjet2019\/wp-json\/wp\/v2\/pages\/122"}],"collection":[{"href":"https:\/\/www.u-picardie.fr\/colloqueobjet2019\/wp-json\/wp\/v2\/pages"}],"about":[{"href":"https:\/\/www.u-picardie.fr\/colloqueobjet2019\/wp-json\/wp\/v2\/types\/page"}],"author":[{"embeddable":true,"href":"https:\/\/www.u-picardie.fr\/colloqueobjet2019\/wp-json\/wp\/v2\/users\/3"}],"replies":[{"embeddable":true,"href":"https:\/\/www.u-picardie.fr\/colloqueobjet2019\/wp-json\/wp\/v2\/comments?post=122"}],"version-history":[{"count":20,"href":"https:\/\/www.u-picardie.fr\/colloqueobjet2019\/wp-json\/wp\/v2\/pages\/122\/revisions"}],"predecessor-version":[{"id":530,"href":"https:\/\/www.u-picardie.fr\/colloqueobjet2019\/wp-json\/wp\/v2\/pages\/122\/revisions\/530"}],"up":[{"embeddable":true,"href":"https:\/\/www.u-picardie.fr\/colloqueobjet2019\/wp-json\/wp\/v2\/pages\/102"}],"wp:attachment":[{"href":"https:\/\/www.u-picardie.fr\/colloqueobjet2019\/wp-json\/wp\/v2\/media?parent=122"}],"curies":[{"name":"wp","href":"https:\/\/api.w.org\/{rel}","templated":true}]}}